{"id":282,"date":"2023-10-16T10:58:41","date_gmt":"2023-10-16T08:58:41","guid":{"rendered":"https:\/\/dansecouple.fr\/?page_id=282"},"modified":"2026-03-31T15:16:54","modified_gmt":"2026-03-31T13:16:54","slug":"accueil","status":"publish","type":"page","link":"https:\/\/dansecouple.fr\/","title":{"rendered":"Accueil"},"content":{"rendered":"<style>.kb-row-layout-id282_f90df3-6d > .kt-row-column-wrap{align-content:start;}:where(.kb-row-layout-id282_f90df3-6d > .kt-row-column-wrap) > .wp-block-kadence-column{justify-content:start;}.kb-row-layout-id282_f90df3-6d > .kt-row-column-wrap{column-gap:var(--global-kb-gap-md, 2rem);row-gap:var(--global-kb-gap-md, 2rem);padding-top:var(--global-kb-spacing-sm, 1.5rem);padding-bottom:var(--global-kb-spacing-sm, 1.5rem);grid-template-columns:repeat(2, minmax(0, 1fr));}.kb-row-layout-id282_f90df3-6d > .kt-row-layout-overlay{opacity:0.30;}@media all and (max-width: 1024px){.kb-row-layout-id282_f90df3-6d > .kt-row-column-wrap{grid-template-columns:repeat(2, minmax(0, 1fr));}}@media all and (max-width: 767px){.kb-row-layout-id282_f90df3-6d > .kt-row-column-wrap{grid-template-columns:minmax(0, 1fr);}}<\/style><div class=\"kb-row-layout-wrap kb-row-layout-id282_f90df3-6d alignnone wp-block-kadence-rowlayout\"><div class=\"kt-row-column-wrap kt-has-2-columns kt-row-layout-equal kt-tab-layout-inherit kt-mobile-layout-row kt-row-valign-top\">\n<style>.kadence-column282_c792b1-f0 > .kt-inside-inner-col,.kadence-column282_c792b1-f0 > .kt-inside-inner-col:before{border-top-left-radius:0px;border-top-right-radius:0px;border-bottom-right-radius:0px;border-bottom-left-radius:0px;}.kadence-column282_c792b1-f0 > .kt-inside-inner-col{column-gap:var(--global-kb-gap-sm, 1rem);}.kadence-column282_c792b1-f0 > .kt-inside-inner-col{flex-direction:column;}.kadence-column282_c792b1-f0 > .kt-inside-inner-col > .aligncenter{width:100%;}.kadence-column282_c792b1-f0 > .kt-inside-inner-col:before{opacity:0.3;}.kadence-column282_c792b1-f0{position:relative;}@media all and (max-width: 1024px){.kadence-column282_c792b1-f0 > .kt-inside-inner-col{flex-direction:column;justify-content:center;}}@media all and (max-width: 767px){.kadence-column282_c792b1-f0 > .kt-inside-inner-col{flex-direction:column;justify-content:center;}}<\/style>\n<div class=\"wp-block-kadence-column kadence-column282_c792b1-f0\"><div class=\"kt-inside-inner-col\">\n<div class=\"wp-block-cover\" style=\"min-height:834px;aspect-ratio:unset;\"><img loading=\"lazy\" decoding=\"async\" width=\"744\" height=\"1024\" class=\"wp-block-cover__image-background wp-image-1189 size-large\" alt=\"\" src=\"https:\/\/dansecouple.fr\/wp-content\/uploads\/2026\/03\/Affiche-30-ans-e1774370122420-744x1024.jpg\" data-object-fit=\"cover\" srcset=\"https:\/\/dansecouple.fr\/wp-content\/uploads\/2026\/03\/Affiche-30-ans-e1774370122420-744x1024.jpg 744w, https:\/\/dansecouple.fr\/wp-content\/uploads\/2026\/03\/Affiche-30-ans-e1774370122420-218x300.jpg 218w, https:\/\/dansecouple.fr\/wp-content\/uploads\/2026\/03\/Affiche-30-ans-e1774370122420-768x1057.jpg 768w, https:\/\/dansecouple.fr\/wp-content\/uploads\/2026\/03\/Affiche-30-ans-e1774370122420.jpg 1080w\" sizes=\"auto, (max-width: 744px) 100vw, 744px\" \/><span aria-hidden=\"true\" class=\"wp-block-cover__background has-background-dim\" style=\"background-color:#9f5f84\"><\/span><div class=\"wp-block-cover__inner-container is-layout-flow wp-block-cover-is-layout-flow\">\n<p class=\"has-text-align-center has-large-font-size\"><\/p>\n<\/div><\/div>\n<\/div><\/div>\n\n\n<style>.kadence-column282_a14533-60 > .kt-inside-inner-col{display:flex;}.kadence-column282_a14533-60 > .kt-inside-inner-col,.kadence-column282_a14533-60 > .kt-inside-inner-col:before{border-top-left-radius:0px;border-top-right-radius:0px;border-bottom-right-radius:0px;border-bottom-left-radius:0px;}.kadence-column282_a14533-60 > .kt-inside-inner-col{column-gap:var(--global-kb-gap-sm, 1rem);}.kadence-column282_a14533-60 > .kt-inside-inner-col{flex-direction:column;justify-content:flex-start;}.kadence-column282_a14533-60 > .kt-inside-inner-col > .aligncenter{width:100%;}.kt-row-column-wrap > .kadence-column282_a14533-60{align-self:flex-start;}.kt-inner-column-height-full:not(.kt-has-1-columns) > .wp-block-kadence-column.kadence-column282_a14533-60{align-self:auto;}.kt-inner-column-height-full:not(.kt-has-1-columns) > .wp-block-kadence-column.kadence-column282_a14533-60 > .kt-inside-inner-col{flex-direction:column;justify-content:flex-start;}.kadence-column282_a14533-60 > .kt-inside-inner-col:before{opacity:0.3;}.kadence-column282_a14533-60{position:relative;}@media all and (max-width: 1024px){.kt-row-column-wrap > .kadence-column282_a14533-60{align-self:flex-start;}}@media all and (max-width: 1024px){.kt-inner-column-height-full:not(.kt-has-1-columns) > .wp-block-kadence-column.kadence-column282_a14533-60{align-self:auto;}}@media all and (max-width: 1024px){.kt-inner-column-height-full:not(.kt-has-1-columns) > .wp-block-kadence-column.kadence-column282_a14533-60 > .kt-inside-inner-col{flex-direction:column;justify-content:flex-start;}}@media all and (max-width: 1024px){.kadence-column282_a14533-60 > .kt-inside-inner-col{flex-direction:column;justify-content:flex-start;}}@media all and (max-width: 767px){.kt-row-column-wrap > .kadence-column282_a14533-60{align-self:flex-start;}.kt-inner-column-height-full:not(.kt-has-1-columns) > .wp-block-kadence-column.kadence-column282_a14533-60{align-self:auto;}.kt-inner-column-height-full:not(.kt-has-1-columns) > .wp-block-kadence-column.kadence-column282_a14533-60 > .kt-inside-inner-col{flex-direction:column;justify-content:flex-start;}.kadence-column282_a14533-60 > .kt-inside-inner-col{flex-direction:column;justify-content:flex-start;}}<\/style>\n<div class=\"wp-block-kadence-column kadence-column282_a14533-60\"><div class=\"kt-inside-inner-col\">\n<figure class=\"wp-block-pullquote\"><blockquote><p><strong>Le 20 juin Danse \u00e0 Deux f\u00eate ses 30 ans<br>! Grande soir\u00e9e Dansante en pr\u00e9vision !<br>Orchestre, d\u00e9monstrations, ambiance<br>?? Plus de d\u00e9tails bient\u00f4t ??<\/strong><br><br>Cours<br>A Ibos pr\u00e8s de Tarbes, Les mardis \u00e0 partir de 18 h 30 (hors vacances scolaires)<br>Salle de danse du centre de loisirs,&nbsp;<br>rue de la Halle (pr\u00e8s de la mairie)<\/p><\/blockquote><\/figure>\n<\/div><\/div>\n\n<\/div><\/div>\n\n\n<p class=\"has-text-align-center has-small-font-size\">Les vid\u00e9os du moment (Penser \u00e0 effectuer Click Droit sur les vid\u00e9os et choisir \u00ab\u00a0Ouvrir dans un nouvel onglet\u00a0\u00bb pour ne pas perdre la page du site)<\/p>\n\n\n<style>.kb-table-container282_2001ff-f0{overflow-x:auto;}.kb-table-container .kb-table282_2001ff-f0 th{padding-top:var(--global-kb-spacing-xxs, 0.5rem);padding-right:var(--global-kb-spacing-xxs, 0.5rem);padding-bottom:var(--global-kb-spacing-xxs, 0.5rem);padding-left:var(--global-kb-spacing-xxs, 0.5rem);text-align:center;}.kb-table-container .kb-table282_2001ff-f0 caption{text-align:center;}.kb-table-container .kb-table282_2001ff-f0 td{padding-top:var(--global-kb-spacing-xxs, 0.5rem);padding-right:var(--global-kb-spacing-xxs, 0.5rem);padding-bottom:var(--global-kb-spacing-xxs, 0.5rem);padding-left:var(--global-kb-spacing-xxs, 0.5rem);text-align:left;}<\/style><div class=\"kb-table-container kb-table-container282_2001ff-f0 wp-block-kadence-table\"><table class=\"kb-table kb-table282_2001ff-f0\">\n<tr class=\"kb-table-row kb-table-row282_9dde8c-85\">\n<td class=\"kb-table-data kb-table-data282_8658e0-af\">\n\n<p>     Ce que l&rsquo;on peut faire avec des mouvements relativement Basiques<\/p>\n\n<\/td>\n\n<td class=\"kb-table-data kb-table-data282_e82de3-85\">\n\n<p class=\"has-text-align-center\">Sombrero, Abanico, Balsero&#8230;<\/p>\n\n<\/td>\n<\/tr>\n<\/table><\/div>\n\n<style>.kb-row-layout-id282_a9c9a6-06 > .kt-row-column-wrap{align-content:start;}:where(.kb-row-layout-id282_a9c9a6-06 > .kt-row-column-wrap) > .wp-block-kadence-column{justify-content:start;}.kb-row-layout-id282_a9c9a6-06 > .kt-row-column-wrap{column-gap:var(--global-kb-gap-md, 2rem);row-gap:var(--global-kb-gap-md, 2rem);padding-bottom:var(--global-kb-spacing-sm, 1.5rem);grid-template-columns:repeat(2, minmax(0, 1fr));}.kb-row-layout-id282_a9c9a6-06 > .kt-row-layout-overlay{opacity:0.30;}@media all and (max-width: 1024px){.kb-row-layout-id282_a9c9a6-06 > .kt-row-column-wrap{grid-template-columns:repeat(2, minmax(0, 1fr));}}@media all and (max-width: 767px){.kb-row-layout-id282_a9c9a6-06 > .kt-row-column-wrap{grid-template-columns:minmax(0, 1fr);}}<\/style><div class=\"kb-row-layout-wrap kb-row-layout-id282_a9c9a6-06 alignnone wp-block-kadence-rowlayout\"><div class=\"kt-row-column-wrap kt-has-2-columns kt-row-layout-equal kt-tab-layout-inherit kt-mobile-layout-row kt-row-valign-top\">\n<style>.kadence-column282_4463a1-9b > .kt-inside-inner-col,.kadence-column282_4463a1-9b > .kt-inside-inner-col:before{border-top-left-radius:0px;border-top-right-radius:0px;border-bottom-right-radius:0px;border-bottom-left-radius:0px;}.kadence-column282_4463a1-9b > .kt-inside-inner-col{column-gap:var(--global-kb-gap-sm, 1rem);}.kadence-column282_4463a1-9b > .kt-inside-inner-col{flex-direction:column;}.kadence-column282_4463a1-9b > .kt-inside-inner-col > .aligncenter{width:100%;}.kadence-column282_4463a1-9b > .kt-inside-inner-col:before{opacity:0.3;}.kadence-column282_4463a1-9b{position:relative;}@media all and (max-width: 1024px){.kadence-column282_4463a1-9b > .kt-inside-inner-col{flex-direction:column;justify-content:center;}}@media all and (max-width: 767px){.kadence-column282_4463a1-9b > .kt-inside-inner-col{flex-direction:column;justify-content:center;}}<\/style>\n<div class=\"wp-block-kadence-column kadence-column282_4463a1-9b\"><div class=\"kt-inside-inner-col\">\n<figure class=\"wp-block-embed is-type-video is-provider-youtube wp-block-embed-youtube wp-embed-aspect-16-9 wp-has-aspect-ratio\"><div class=\"wp-block-embed__wrapper\">\n<iframe loading=\"lazy\"  id=\"_ytid_38504\"  width=\"1589\" height=\"893\"  data-origwidth=\"1589\" data-origheight=\"893\" src=\"https:\/\/www.youtube.com\/embed\/xKeUpU446Xg?enablejsapi=1&#038;autoplay=0&#038;cc_load_policy=0&#038;cc_lang_pref=&#038;iv_load_policy=1&#038;loop=0&#038;rel=1&#038;fs=1&#038;playsinline=0&#038;autohide=2&#038;theme=dark&#038;color=red&#038;controls=1&#038;disablekb=0&#038;\" class=\"__youtube_prefs__  epyt-is-override  no-lazyload\" title=\"YouTube player\"  allow=\"fullscreen; accelerometer; autoplay; clipboard-write; encrypted-media; gyroscope; picture-in-picture; web-share\" referrerpolicy=\"strict-origin-when-cross-origin\" allowfullscreen data-no-lazy=\"1\" data-skipgform_ajax_framebjll=\"\"><\/iframe>\n<\/div><\/figure>\n<\/div><\/div>\n\n\n<style>.kadence-column282_04150b-e1 > .kt-inside-inner-col,.kadence-column282_04150b-e1 > .kt-inside-inner-col:before{border-top-left-radius:0px;border-top-right-radius:0px;border-bottom-right-radius:0px;border-bottom-left-radius:0px;}.kadence-column282_04150b-e1 > .kt-inside-inner-col{column-gap:var(--global-kb-gap-sm, 1rem);}.kadence-column282_04150b-e1 > .kt-inside-inner-col{flex-direction:column;}.kadence-column282_04150b-e1 > .kt-inside-inner-col > .aligncenter{width:100%;}.kadence-column282_04150b-e1 > .kt-inside-inner-col:before{opacity:0.3;}.kadence-column282_04150b-e1{position:relative;}@media all and (max-width: 1024px){.kadence-column282_04150b-e1 > .kt-inside-inner-col{flex-direction:column;justify-content:center;}}@media all and (max-width: 767px){.kadence-column282_04150b-e1 > .kt-inside-inner-col{flex-direction:column;justify-content:center;}}<\/style>\n<div class=\"wp-block-kadence-column kadence-column282_04150b-e1\"><div class=\"kt-inside-inner-col\">\n<figure class=\"wp-block-embed is-type-video is-provider-youtube wp-block-embed-youtube wp-embed-aspect-4-3 wp-has-aspect-ratio\"><div class=\"wp-block-embed__wrapper\">\n<iframe loading=\"lazy\"  id=\"_ytid_15056\"  width=\"1589\" height=\"893\"  data-origwidth=\"1589\" data-origheight=\"893\" src=\"https:\/\/www.youtube.com\/embed\/F4bqSOVJwWQ?enablejsapi=1&#038;list=PLx4Zry3lQr-xVM5onEMg22JT3u3dZHtmq&#038;index=4&#038;autoplay=0&#038;cc_load_policy=0&#038;cc_lang_pref=&#038;iv_load_policy=1&#038;loop=0&#038;rel=1&#038;fs=1&#038;playsinline=0&#038;autohide=2&#038;theme=dark&#038;color=red&#038;controls=1&#038;disablekb=0&#038;\" class=\"__youtube_prefs__  epyt-is-override  no-lazyload\" title=\"YouTube player\"  allow=\"fullscreen; accelerometer; autoplay; clipboard-write; encrypted-media; gyroscope; picture-in-picture; web-share\" referrerpolicy=\"strict-origin-when-cross-origin\" allowfullscreen data-no-lazy=\"1\" data-skipgform_ajax_framebjll=\"\"><\/iframe>\n<\/div><\/figure>\n<\/div><\/div>\n\n<\/div><\/div>\n\n\n<p><\/p>\n","protected":false},"excerpt":{"rendered":"<p>Le 20 juin Danse \u00e0 Deux f\u00eate ses 30 ans! Grande soir\u00e9e Dansante en pr\u00e9vision !Orchestre, d\u00e9monstrations, ambiance?? Plus de d\u00e9tails bient\u00f4t ?? CoursA Ibos pr\u00e8s de Tarbes, Les mardis \u00e0 partir de 18 h 30 (hors vacances scolaires)Salle de danse du centre de loisirs,&nbsp;rue de la Halle (pr\u00e8s de la mairie) Les vid\u00e9os du&#8230;<\/p>\n","protected":false},"author":1,"featured_media":0,"parent":0,"menu_order":0,"comment_status":"closed","ping_status":"closed","template":"","meta":{"_kadence_starter_templates_imported_post":false,"_kad_post_transparent":"default","_kad_post_title":"","_kad_post_layout":"","_kad_post_sidebar_id":"","_kad_post_content_style":"","_kad_post_vertical_padding":"","_kad_post_feature":"","_kad_post_feature_position":"","_kad_post_header":false,"_kad_post_footer":false,"_kad_post_classname":"","footnotes":""},"class_list":["post-282","page","type-page","status-publish","hentry"],"yoast_head":"<!-- This site is optimized with the Yoast SEO plugin v27.4 - https:\/\/yoast.com\/product\/yoast-seo-wordpress\/ -->\n<title>Accueil -<\/title>\n<meta name=\"description\" content=\"Le site des danses en couple des Hautes-Pyr\u00e9n\u00e9es informe sur l&#039;association - Danse \u00e0 Deux. Danse Couple 65\" \/>\n<meta name=\"robots\" content=\"index, follow, max-snippet:-1, max-image-preview:large, max-video-preview:-1\" \/>\n<link rel=\"canonical\" href=\"https:\/\/dansecouple.fr\/\" \/>\n<meta property=\"og:locale\" content=\"fr_FR\" \/>\n<meta property=\"og:type\" content=\"article\" \/>\n<meta property=\"og:title\" content=\"Accueil -\" \/>\n<meta property=\"og:description\" content=\"Le site des danses en couple des Hautes-Pyr\u00e9n\u00e9es informe sur l&#039;association - Danse \u00e0 Deux. Danse Couple 65\" \/>\n<meta property=\"og:url\" content=\"https:\/\/dansecouple.fr\/\" \/>\n<meta property=\"article:modified_time\" content=\"2026-03-31T13:16:54+00:00\" \/>\n<meta property=\"og:image\" content=\"https:\/\/dansecouple.fr\/wp-content\/uploads\/2026\/03\/Affiche-30-ans-e1774370122420.jpg\" \/>\n\t<meta property=\"og:image:width\" content=\"1080\" \/>\n\t<meta property=\"og:image:height\" content=\"1486\" \/>\n\t<meta property=\"og:image:type\" content=\"image\/jpeg\" \/>\n<meta name=\"twitter:card\" content=\"summary_large_image\" \/>\n<meta name=\"twitter:label1\" content=\"Dur\u00e9e de lecture estim\u00e9e\" \/>\n\t<meta name=\"twitter:data1\" content=\"1 minute\" \/>\n<script type=\"application\/ld+json\" class=\"yoast-schema-graph\">{\"@context\":\"https:\\\/\\\/schema.org\",\"@graph\":[{\"@type\":\"WebPage\",\"@id\":\"https:\\\/\\\/dansecouple.fr\\\/\",\"url\":\"https:\\\/\\\/dansecouple.fr\\\/\",\"name\":\"Accueil -\",\"isPartOf\":{\"@id\":\"https:\\\/\\\/dansecouple.fr\\\/#website\"},\"primaryImageOfPage\":{\"@id\":\"https:\\\/\\\/dansecouple.fr\\\/#primaryimage\"},\"image\":{\"@id\":\"https:\\\/\\\/dansecouple.fr\\\/#primaryimage\"},\"thumbnailUrl\":\"https:\\\/\\\/dansecouple.fr\\\/wp-content\\\/uploads\\\/2026\\\/03\\\/Affiche-30-ans-e1774370122420-744x1024.jpg\",\"datePublished\":\"2023-10-16T08:58:41+00:00\",\"dateModified\":\"2026-03-31T13:16:54+00:00\",\"description\":\"Le site des danses en couple des Hautes-Pyr\u00e9n\u00e9es informe sur l'association - Danse \u00e0 Deux. Danse Couple 65\",\"breadcrumb\":{\"@id\":\"https:\\\/\\\/dansecouple.fr\\\/#breadcrumb\"},\"inLanguage\":\"fr-FR\",\"potentialAction\":[{\"@type\":\"ReadAction\",\"target\":[\"https:\\\/\\\/dansecouple.fr\\\/\"]}]},{\"@type\":\"ImageObject\",\"inLanguage\":\"fr-FR\",\"@id\":\"https:\\\/\\\/dansecouple.fr\\\/#primaryimage\",\"url\":\"https:\\\/\\\/dansecouple.fr\\\/wp-content\\\/uploads\\\/2026\\\/03\\\/Affiche-30-ans-e1774370122420.jpg\",\"contentUrl\":\"https:\\\/\\\/dansecouple.fr\\\/wp-content\\\/uploads\\\/2026\\\/03\\\/Affiche-30-ans-e1774370122420.jpg\",\"width\":1080,\"height\":1486},{\"@type\":\"BreadcrumbList\",\"@id\":\"https:\\\/\\\/dansecouple.fr\\\/#breadcrumb\",\"itemListElement\":[{\"@type\":\"ListItem\",\"position\":1,\"name\":\"Accueil\",\"item\":\"https:\\\/\\\/dansecouple.fr\\\/\"},{\"@type\":\"ListItem\",\"position\":2,\"name\":\"Accueil\"}]},{\"@type\":\"WebSite\",\"@id\":\"https:\\\/\\\/dansecouple.fr\\\/#website\",\"url\":\"https:\\\/\\\/dansecouple.fr\\\/\",\"name\":\"\",\"description\":\"\",\"potentialAction\":[{\"@type\":\"SearchAction\",\"target\":{\"@type\":\"EntryPoint\",\"urlTemplate\":\"https:\\\/\\\/dansecouple.fr\\\/?s={search_term_string}\"},\"query-input\":{\"@type\":\"PropertyValueSpecification\",\"valueRequired\":true,\"valueName\":\"search_term_string\"}}],\"inLanguage\":\"fr-FR\"}]}<\/script>\n<!-- \/ Yoast SEO plugin. -->","yoast_head_json":{"title":"Accueil -","description":"Le site des danses en couple des Hautes-Pyr\u00e9n\u00e9es informe sur l'association - Danse \u00e0 Deux. Danse Couple 65","robots":{"index":"index","follow":"follow","max-snippet":"max-snippet:-1","max-image-preview":"max-image-preview:large","max-video-preview":"max-video-preview:-1"},"canonical":"https:\/\/dansecouple.fr\/","og_locale":"fr_FR","og_type":"article","og_title":"Accueil -","og_description":"Le site des danses en couple des Hautes-Pyr\u00e9n\u00e9es informe sur l'association - Danse \u00e0 Deux. Danse Couple 65","og_url":"https:\/\/dansecouple.fr\/","article_modified_time":"2026-03-31T13:16:54+00:00","og_image":[{"width":1080,"height":1486,"url":"https:\/\/dansecouple.fr\/wp-content\/uploads\/2026\/03\/Affiche-30-ans-e1774370122420.jpg","type":"image\/jpeg"}],"twitter_card":"summary_large_image","twitter_misc":{"Dur\u00e9e de lecture estim\u00e9e":"1 minute"},"schema":{"@context":"https:\/\/schema.org","@graph":[{"@type":"WebPage","@id":"https:\/\/dansecouple.fr\/","url":"https:\/\/dansecouple.fr\/","name":"Accueil -","isPartOf":{"@id":"https:\/\/dansecouple.fr\/#website"},"primaryImageOfPage":{"@id":"https:\/\/dansecouple.fr\/#primaryimage"},"image":{"@id":"https:\/\/dansecouple.fr\/#primaryimage"},"thumbnailUrl":"https:\/\/dansecouple.fr\/wp-content\/uploads\/2026\/03\/Affiche-30-ans-e1774370122420-744x1024.jpg","datePublished":"2023-10-16T08:58:41+00:00","dateModified":"2026-03-31T13:16:54+00:00","description":"Le site des danses en couple des Hautes-Pyr\u00e9n\u00e9es informe sur l'association - Danse \u00e0 Deux. Danse Couple 65","breadcrumb":{"@id":"https:\/\/dansecouple.fr\/#breadcrumb"},"inLanguage":"fr-FR","potentialAction":[{"@type":"ReadAction","target":["https:\/\/dansecouple.fr\/"]}]},{"@type":"ImageObject","inLanguage":"fr-FR","@id":"https:\/\/dansecouple.fr\/#primaryimage","url":"https:\/\/dansecouple.fr\/wp-content\/uploads\/2026\/03\/Affiche-30-ans-e1774370122420.jpg","contentUrl":"https:\/\/dansecouple.fr\/wp-content\/uploads\/2026\/03\/Affiche-30-ans-e1774370122420.jpg","width":1080,"height":1486},{"@type":"BreadcrumbList","@id":"https:\/\/dansecouple.fr\/#breadcrumb","itemListElement":[{"@type":"ListItem","position":1,"name":"Accueil","item":"https:\/\/dansecouple.fr\/"},{"@type":"ListItem","position":2,"name":"Accueil"}]},{"@type":"WebSite","@id":"https:\/\/dansecouple.fr\/#website","url":"https:\/\/dansecouple.fr\/","name":"","description":"","potentialAction":[{"@type":"SearchAction","target":{"@type":"EntryPoint","urlTemplate":"https:\/\/dansecouple.fr\/?s={search_term_string}"},"query-input":{"@type":"PropertyValueSpecification","valueRequired":true,"valueName":"search_term_string"}}],"inLanguage":"fr-FR"}]}},"_links":{"self":[{"href":"https:\/\/dansecouple.fr\/index.php\/wp-json\/wp\/v2\/pages\/282","targetHints":{"allow":["GET"]}}],"collection":[{"href":"https:\/\/dansecouple.fr\/index.php\/wp-json\/wp\/v2\/pages"}],"about":[{"href":"https:\/\/dansecouple.fr\/index.php\/wp-json\/wp\/v2\/types\/page"}],"author":[{"embeddable":true,"href":"https:\/\/dansecouple.fr\/index.php\/wp-json\/wp\/v2\/users\/1"}],"replies":[{"embeddable":true,"href":"https:\/\/dansecouple.fr\/index.php\/wp-json\/wp\/v2\/comments?post=282"}],"version-history":[{"count":64,"href":"https:\/\/dansecouple.fr\/index.php\/wp-json\/wp\/v2\/pages\/282\/revisions"}],"predecessor-version":[{"id":1241,"href":"https:\/\/dansecouple.fr\/index.php\/wp-json\/wp\/v2\/pages\/282\/revisions\/1241"}],"wp:attachment":[{"href":"https:\/\/dansecouple.fr\/index.php\/wp-json\/wp\/v2\/media?parent=282"}],"curies":[{"name":"wp","href":"https:\/\/api.w.org\/{rel}","templated":true}]}}