{"id":251,"date":"2023-10-13T01:33:27","date_gmt":"2023-10-12T23:33:27","guid":{"rendered":"https:\/\/dansecouple.fr\/?page_id=251"},"modified":"2023-10-17T14:06:02","modified_gmt":"2023-10-17T12:06:02","slug":"notions-generales","status":"publish","type":"page","link":"https:\/\/dansecouple.fr\/index.php\/notions-generales\/","title":{"rendered":"Notions g\u00e9n\u00e9rales"},"content":{"rendered":"\n<h3 class=\"wp-block-heading\"><strong>Notions g\u00e9n\u00e9rales de danse en couple<\/strong><\/h3>\n\n\n\n<hr class=\"wp-block-separator has-alpha-channel-opacity\"\/>\n\n\n\n<p>Avant de se lancer dans l&rsquo;apprentissage proprement dit, il convient d&rsquo;avoir pris conscience de ces \u00e9l\u00e9ments sur lesquels on pourra toujours revenir ult\u00e9rieurement, lorsque la n\u00e9cessit\u00e9 s&rsquo;en fera sentir :<\/p>\n\n\n\n<p><em>(Pensez \u00e0 revenir sur le site pour consulter ces articles qui seront progressivement disponibles)<\/em><\/p>\n\n\n\n<p><strong>La&nbsp; musique&nbsp;<\/strong>&nbsp;c&rsquo;est le moteur de la danse, sans elle la danse n&rsquo;existe pas. Pour avoir une chance d&rsquo;ex\u00e9cuter des mouvements en accord avec elle, encore faut-il savoir quoi \u00e9couter. Nous nous bornerons ici \u00e0 des rudiments, mais une meilleure interpr\u00e9tation n\u00e9cesitera des connaissances plus approfondies.<\/p>\n\n\n\n<p><strong>La posture<\/strong>&nbsp;(aussi appel\u00e9 le maintien) : en effet, lorsque l&rsquo;on danse chacun des partenaires est \u00e9troitement li\u00e9 \u00e0 l&rsquo;autre, ce qui oblige \u00e0 se tenir le plus correctement possible pour ne pas g\u00eaner l&rsquo;autre, certaines techniques seront tr\u00e8s d\u00e9pendantes d&rsquo;une bonne posture, et enfin l&rsquo;allure, l&rsquo;image d\u00e9gag\u00e9e par le couple pourra \u00eatre am\u00e9lior\u00e9e.<\/p>\n\n\n\n<p><strong>Les tenues et positions<\/strong>&nbsp;dans le couple :&nbsp; suivant la danse pratiqu\u00e9e, la tenue du couple sera diff\u00e9rente, et \u00e0 l&rsquo;int\u00e9rieur de la danse, les positions relatives des partenaires pourront varier au gr\u00e9 des figures ex\u00e9cut\u00e9es.<\/p>\n\n\n\n<p><strong>Les d\u00e9placements<\/strong>&nbsp;: danscertaines danses, le couple se d\u00e9place selon certaines r\u00e8gles \u00e0 conna\u00eetre<\/p>\n\n\n\n<p><strong>Le guidage<\/strong>&nbsp;: la principale difficult\u00e9 pour danser en couple est la communication entre les deux danseurs. Cette relation doit donc retenir l&rsquo;attention toute particuli\u00e8re de chacun et respecter certains codes qui permettront de danser avec d&rsquo;autres partenaires.<\/p>\n","protected":false},"excerpt":{"rendered":"<p>Notions g\u00e9n\u00e9rales de danse en couple Avant de se lancer dans l&rsquo;apprentissage proprement dit, il convient d&rsquo;avoir pris conscience de ces \u00e9l\u00e9ments sur lesquels on pourra toujours revenir ult\u00e9rieurement, lorsque la n\u00e9cessit\u00e9 s&rsquo;en fera sentir : (Pensez \u00e0 revenir sur le site pour consulter ces articles qui seront progressivement disponibles) La&nbsp; musique&nbsp;&nbsp;c&rsquo;est le moteur de&#8230;<\/p>\n","protected":false},"author":1,"featured_media":0,"parent":0,"menu_order":0,"comment_status":"closed","ping_status":"closed","template":"","meta":{"_kadence_starter_templates_imported_post":false,"_kad_post_transparent":"","_kad_post_title":"","_kad_post_layout":"","_kad_post_sidebar_id":"","_kad_post_content_style":"","_kad_post_vertical_padding":"","_kad_post_feature":"","_kad_post_feature_position":"","_kad_post_header":false,"_kad_post_footer":false,"_kad_post_classname":"","footnotes":""},"class_list":["post-251","page","type-page","status-publish","hentry"],"yoast_head":"<!-- This site is optimized with the Yoast SEO plugin v27.4 - https:\/\/yoast.com\/product\/yoast-seo-wordpress\/ -->\n<title>Notions g\u00e9n\u00e9rales -<\/title>\n<meta name=\"robots\" content=\"index, follow, max-snippet:-1, max-image-preview:large, max-video-preview:-1\" \/>\n<link rel=\"canonical\" href=\"https:\/\/dansecouple.fr\/index.php\/notions-generales\/\" \/>\n<meta property=\"og:locale\" content=\"fr_FR\" \/>\n<meta property=\"og:type\" content=\"article\" \/>\n<meta property=\"og:title\" content=\"Notions g\u00e9n\u00e9rales -\" \/>\n<meta property=\"og:description\" content=\"Notions g\u00e9n\u00e9rales de danse en couple Avant de se lancer dans l&rsquo;apprentissage proprement dit, il convient d&rsquo;avoir pris conscience de ces \u00e9l\u00e9ments sur lesquels on pourra toujours revenir ult\u00e9rieurement, lorsque la n\u00e9cessit\u00e9 s&rsquo;en fera sentir : (Pensez \u00e0 revenir sur le site pour consulter ces articles qui seront progressivement disponibles) La&nbsp; musique&nbsp;&nbsp;c&rsquo;est le moteur de...\" \/>\n<meta property=\"og:url\" content=\"https:\/\/dansecouple.fr\/index.php\/notions-generales\/\" \/>\n<meta property=\"article:modified_time\" content=\"2023-10-17T12:06:02+00:00\" \/>\n<meta name=\"twitter:card\" content=\"summary_large_image\" \/>\n<meta name=\"twitter:label1\" content=\"Dur\u00e9e de lecture estim\u00e9e\" \/>\n\t<meta name=\"twitter:data1\" content=\"1 minute\" \/>\n<script type=\"application\/ld+json\" class=\"yoast-schema-graph\">{\"@context\":\"https:\\\/\\\/schema.org\",\"@graph\":[{\"@type\":\"WebPage\",\"@id\":\"https:\\\/\\\/dansecouple.fr\\\/index.php\\\/notions-generales\\\/\",\"url\":\"https:\\\/\\\/dansecouple.fr\\\/index.php\\\/notions-generales\\\/\",\"name\":\"Notions g\u00e9n\u00e9rales -\",\"isPartOf\":{\"@id\":\"https:\\\/\\\/dansecouple.fr\\\/#website\"},\"datePublished\":\"2023-10-12T23:33:27+00:00\",\"dateModified\":\"2023-10-17T12:06:02+00:00\",\"breadcrumb\":{\"@id\":\"https:\\\/\\\/dansecouple.fr\\\/index.php\\\/notions-generales\\\/#breadcrumb\"},\"inLanguage\":\"fr-FR\",\"potentialAction\":[{\"@type\":\"ReadAction\",\"target\":[\"https:\\\/\\\/dansecouple.fr\\\/index.php\\\/notions-generales\\\/\"]}]},{\"@type\":\"BreadcrumbList\",\"@id\":\"https:\\\/\\\/dansecouple.fr\\\/index.php\\\/notions-generales\\\/#breadcrumb\",\"itemListElement\":[{\"@type\":\"ListItem\",\"position\":1,\"name\":\"Accueil\",\"item\":\"https:\\\/\\\/dansecouple.fr\\\/\"},{\"@type\":\"ListItem\",\"position\":2,\"name\":\"Notions g\u00e9n\u00e9rales\"}]},{\"@type\":\"WebSite\",\"@id\":\"https:\\\/\\\/dansecouple.fr\\\/#website\",\"url\":\"https:\\\/\\\/dansecouple.fr\\\/\",\"name\":\"\",\"description\":\"\",\"potentialAction\":[{\"@type\":\"SearchAction\",\"target\":{\"@type\":\"EntryPoint\",\"urlTemplate\":\"https:\\\/\\\/dansecouple.fr\\\/?s={search_term_string}\"},\"query-input\":{\"@type\":\"PropertyValueSpecification\",\"valueRequired\":true,\"valueName\":\"search_term_string\"}}],\"inLanguage\":\"fr-FR\"}]}<\/script>\n<!-- \/ Yoast SEO plugin. -->","yoast_head_json":{"title":"Notions g\u00e9n\u00e9rales -","robots":{"index":"index","follow":"follow","max-snippet":"max-snippet:-1","max-image-preview":"max-image-preview:large","max-video-preview":"max-video-preview:-1"},"canonical":"https:\/\/dansecouple.fr\/index.php\/notions-generales\/","og_locale":"fr_FR","og_type":"article","og_title":"Notions g\u00e9n\u00e9rales -","og_description":"Notions g\u00e9n\u00e9rales de danse en couple Avant de se lancer dans l&rsquo;apprentissage proprement dit, il convient d&rsquo;avoir pris conscience de ces \u00e9l\u00e9ments sur lesquels on pourra toujours revenir ult\u00e9rieurement, lorsque la n\u00e9cessit\u00e9 s&rsquo;en fera sentir : (Pensez \u00e0 revenir sur le site pour consulter ces articles qui seront progressivement disponibles) La&nbsp; musique&nbsp;&nbsp;c&rsquo;est le moteur de...","og_url":"https:\/\/dansecouple.fr\/index.php\/notions-generales\/","article_modified_time":"2023-10-17T12:06:02+00:00","twitter_card":"summary_large_image","twitter_misc":{"Dur\u00e9e de lecture estim\u00e9e":"1 minute"},"schema":{"@context":"https:\/\/schema.org","@graph":[{"@type":"WebPage","@id":"https:\/\/dansecouple.fr\/index.php\/notions-generales\/","url":"https:\/\/dansecouple.fr\/index.php\/notions-generales\/","name":"Notions g\u00e9n\u00e9rales -","isPartOf":{"@id":"https:\/\/dansecouple.fr\/#website"},"datePublished":"2023-10-12T23:33:27+00:00","dateModified":"2023-10-17T12:06:02+00:00","breadcrumb":{"@id":"https:\/\/dansecouple.fr\/index.php\/notions-generales\/#breadcrumb"},"inLanguage":"fr-FR","potentialAction":[{"@type":"ReadAction","target":["https:\/\/dansecouple.fr\/index.php\/notions-generales\/"]}]},{"@type":"BreadcrumbList","@id":"https:\/\/dansecouple.fr\/index.php\/notions-generales\/#breadcrumb","itemListElement":[{"@type":"ListItem","position":1,"name":"Accueil","item":"https:\/\/dansecouple.fr\/"},{"@type":"ListItem","position":2,"name":"Notions g\u00e9n\u00e9rales"}]},{"@type":"WebSite","@id":"https:\/\/dansecouple.fr\/#website","url":"https:\/\/dansecouple.fr\/","name":"","description":"","potentialAction":[{"@type":"SearchAction","target":{"@type":"EntryPoint","urlTemplate":"https:\/\/dansecouple.fr\/?s={search_term_string}"},"query-input":{"@type":"PropertyValueSpecification","valueRequired":true,"valueName":"search_term_string"}}],"inLanguage":"fr-FR"}]}},"_links":{"self":[{"href":"https:\/\/dansecouple.fr\/index.php\/wp-json\/wp\/v2\/pages\/251","targetHints":{"allow":["GET"]}}],"collection":[{"href":"https:\/\/dansecouple.fr\/index.php\/wp-json\/wp\/v2\/pages"}],"about":[{"href":"https:\/\/dansecouple.fr\/index.php\/wp-json\/wp\/v2\/types\/page"}],"author":[{"embeddable":true,"href":"https:\/\/dansecouple.fr\/index.php\/wp-json\/wp\/v2\/users\/1"}],"replies":[{"embeddable":true,"href":"https:\/\/dansecouple.fr\/index.php\/wp-json\/wp\/v2\/comments?post=251"}],"version-history":[{"count":2,"href":"https:\/\/dansecouple.fr\/index.php\/wp-json\/wp\/v2\/pages\/251\/revisions"}],"predecessor-version":[{"id":338,"href":"https:\/\/dansecouple.fr\/index.php\/wp-json\/wp\/v2\/pages\/251\/revisions\/338"}],"wp:attachment":[{"href":"https:\/\/dansecouple.fr\/index.php\/wp-json\/wp\/v2\/media?parent=251"}],"curies":[{"name":"wp","href":"https:\/\/api.w.org\/{rel}","templated":true}]}}