{"id":249,"date":"2023-10-13T01:32:28","date_gmt":"2023-10-12T23:32:28","guid":{"rendered":"https:\/\/dansecouple.fr\/?page_id=249"},"modified":"2023-10-17T11:48:24","modified_gmt":"2023-10-17T09:48:24","slug":"musique","status":"publish","type":"page","link":"https:\/\/dansecouple.fr\/index.php\/musique\/","title":{"rendered":"Musique"},"content":{"rendered":"\n<p>Une danse a \u00e9t\u00e9 cr\u00e9e \u00e0 partir d&rsquo;un type de musique. C&rsquo;est la musique qui induit une danse et non l&rsquo;inverse.<\/p>\n\n\n\n<p>Pour le d\u00e9butant, nous nous contenterons d\u2019utiliser essentiellement la base rythmique d\u2019une musique, c&rsquo;est-\u00e0-dire la partie jou\u00e9e habituellement par la batterie, la guitare basse ou la contrebasse.<\/p>\n\n\n\n<p>Le premier travail du danseur qui \u00e9coute une musique est de rep\u00e9rer le battement r\u00e9gulier aussi appel\u00e9 tempo ou pulsation qui la structure (ce qui correspondrait \u00e0 des syllabes en fran\u00e7ais). Il suffit de battre r\u00e9guli\u00e8rement du pied ou de tapoter les doigts sur la table pour trouver ce tempo. La rapidit\u00e9 des changements d\u2019appuis des danseurs seront calqu\u00e9s sur ce battement qui s&rsquo;appelle \u00ab\u00a0le temps\u00a0\u00bb. Nous danserons ainsi \u00ab&nbsp;EN MUSIQUE&nbsp;\u00bb.<\/p>\n\n\n\n<p>Les diff\u00e9rents types de musiques et donc de danses<\/p>\n\n\n\n<p>Dans la construction d&rsquo;une musique, les battements dont nous avons parl\u00e9 sont group\u00e9s par 2, 3 ou 4, cela s&rsquo;appelle la mesure. Ces groupements sont r\u00e9guliers pendant tout le morceau de musique. <\/p>\n\n\n\n<p>Chaque danse poss\u00e8de donc une mesure qui lui est sp\u00e9cifique. Nous avons le groupe des 2 temps (Paso Doble, Samba, Merengue, Tango\u2026) le groupe des 3 temps  (Valse Viennoise, Valse Lente, Valse Musette, Java, Mazurka\u2026), le groupe des 4 temps (Rock, Chachacha, Rumba, Foxtrot, Charleston, Quick Step\u2026). D\u2019autres types de musiques existent dans le monde, mais nous ne les rencontrerons pas dans nos bals occidentaux.<\/p>\n\n\n\n<p>Ceci n\u2019est bien sur qu\u2019une des caract\u00e9ristiques d\u2019une musique et nous explorerons ce domaine lorsque nous en aurons besoin pour personnaliser une danse.<\/p>\n\n\n\n<p>Exercices : Essayer de trouver la pulsation (le battement r\u00e9gulier)<\/p>\n\n\n\n<p>Paso Doble <a href=\"https:\/\/www.youtube.com\/watch?v=zDNEonUkAw4\" data-type=\"link\" data-id=\"https:\/\/www.youtube.com\/watch?v=zDNEonUkAw4\">Cliquer<\/a><\/p>\n\n\n\n<p>Bachata&nbsp;<a href=\"https:\/\/www.youtube.com\/watch?v=D6Ju9CyOB-I\" data-type=\"link\" data-id=\"https:\/\/www.youtube.com\/watch?v=D6Ju9CyOB-I\">Cliquer<\/a><\/p>\n\n\n\n<p>Chachacha&nbsp;<a href=\"https:\/\/www.youtube.com\/watch?v=0oLFrPlTtM4\" data-type=\"link\" data-id=\"https:\/\/www.youtube.com\/watch?v=0oLFrPlTtM4\">Cliquer<\/a><\/p>\n\n\n\n<p>Valse Viennoise&nbsp;<a href=\"https:\/\/www.youtube.com\/watch?v=eunxhcfNpHQ\" data-type=\"link\" data-id=\"https:\/\/www.youtube.com\/watch?v=eunxhcfNpHQ\">Cliquer<\/a><\/p>\n\n\n\n<p>Valse Lente&nbsp;<a href=\"https:\/\/www.youtube.com\/watch?v=zpK4OML_IyA&amp;list=PL32DovXEgK2mnA03BCNjVzT9i9YuaT5HZ\" data-type=\"link\" data-id=\"https:\/\/www.youtube.com\/watch?v=zpK4OML_IyA&amp;list=PL32DovXEgK2mnA03BCNjVzT9i9YuaT5HZ\">Cliquer<\/a><\/p>\n","protected":false},"excerpt":{"rendered":"<p>Une danse a \u00e9t\u00e9 cr\u00e9e \u00e0 partir d&rsquo;un type de musique. C&rsquo;est la musique qui induit une danse et non l&rsquo;inverse. Pour le d\u00e9butant, nous nous contenterons d\u2019utiliser essentiellement la base rythmique d\u2019une musique, c&rsquo;est-\u00e0-dire la partie jou\u00e9e habituellement par la batterie, la guitare basse ou la contrebasse. Le premier travail du danseur qui \u00e9coute&#8230;<\/p>\n","protected":false},"author":1,"featured_media":0,"parent":0,"menu_order":0,"comment_status":"closed","ping_status":"closed","template":"","meta":{"_kadence_starter_templates_imported_post":false,"_kad_post_transparent":"","_kad_post_title":"","_kad_post_layout":"","_kad_post_sidebar_id":"","_kad_post_content_style":"","_kad_post_vertical_padding":"","_kad_post_feature":"","_kad_post_feature_position":"","_kad_post_header":false,"_kad_post_footer":false,"_kad_post_classname":"","footnotes":""},"class_list":["post-249","page","type-page","status-publish","hentry"],"yoast_head":"<!-- This site is optimized with the Yoast SEO plugin v27.4 - https:\/\/yoast.com\/product\/yoast-seo-wordpress\/ -->\n<title>Musique -<\/title>\n<meta name=\"robots\" content=\"index, follow, max-snippet:-1, max-image-preview:large, max-video-preview:-1\" \/>\n<link rel=\"canonical\" href=\"https:\/\/dansecouple.fr\/index.php\/musique\/\" \/>\n<meta property=\"og:locale\" content=\"fr_FR\" \/>\n<meta property=\"og:type\" content=\"article\" \/>\n<meta property=\"og:title\" content=\"Musique -\" \/>\n<meta property=\"og:description\" content=\"Une danse a \u00e9t\u00e9 cr\u00e9e \u00e0 partir d&rsquo;un type de musique. C&rsquo;est la musique qui induit une danse et non l&rsquo;inverse. Pour le d\u00e9butant, nous nous contenterons d\u2019utiliser essentiellement la base rythmique d\u2019une musique, c&rsquo;est-\u00e0-dire la partie jou\u00e9e habituellement par la batterie, la guitare basse ou la contrebasse. Le premier travail du danseur qui \u00e9coute...\" \/>\n<meta property=\"og:url\" content=\"https:\/\/dansecouple.fr\/index.php\/musique\/\" \/>\n<meta property=\"article:modified_time\" content=\"2023-10-17T09:48:24+00:00\" \/>\n<meta name=\"twitter:card\" content=\"summary_large_image\" \/>\n<meta name=\"twitter:label1\" content=\"Dur\u00e9e de lecture estim\u00e9e\" \/>\n\t<meta name=\"twitter:data1\" content=\"1 minute\" \/>\n<script type=\"application\/ld+json\" class=\"yoast-schema-graph\">{\"@context\":\"https:\\\/\\\/schema.org\",\"@graph\":[{\"@type\":\"WebPage\",\"@id\":\"https:\\\/\\\/dansecouple.fr\\\/index.php\\\/musique\\\/\",\"url\":\"https:\\\/\\\/dansecouple.fr\\\/index.php\\\/musique\\\/\",\"name\":\"Musique -\",\"isPartOf\":{\"@id\":\"https:\\\/\\\/dansecouple.fr\\\/#website\"},\"datePublished\":\"2023-10-12T23:32:28+00:00\",\"dateModified\":\"2023-10-17T09:48:24+00:00\",\"breadcrumb\":{\"@id\":\"https:\\\/\\\/dansecouple.fr\\\/index.php\\\/musique\\\/#breadcrumb\"},\"inLanguage\":\"fr-FR\",\"potentialAction\":[{\"@type\":\"ReadAction\",\"target\":[\"https:\\\/\\\/dansecouple.fr\\\/index.php\\\/musique\\\/\"]}]},{\"@type\":\"BreadcrumbList\",\"@id\":\"https:\\\/\\\/dansecouple.fr\\\/index.php\\\/musique\\\/#breadcrumb\",\"itemListElement\":[{\"@type\":\"ListItem\",\"position\":1,\"name\":\"Accueil\",\"item\":\"https:\\\/\\\/dansecouple.fr\\\/\"},{\"@type\":\"ListItem\",\"position\":2,\"name\":\"Musique\"}]},{\"@type\":\"WebSite\",\"@id\":\"https:\\\/\\\/dansecouple.fr\\\/#website\",\"url\":\"https:\\\/\\\/dansecouple.fr\\\/\",\"name\":\"\",\"description\":\"\",\"potentialAction\":[{\"@type\":\"SearchAction\",\"target\":{\"@type\":\"EntryPoint\",\"urlTemplate\":\"https:\\\/\\\/dansecouple.fr\\\/?s={search_term_string}\"},\"query-input\":{\"@type\":\"PropertyValueSpecification\",\"valueRequired\":true,\"valueName\":\"search_term_string\"}}],\"inLanguage\":\"fr-FR\"}]}<\/script>\n<!-- \/ Yoast SEO plugin. -->","yoast_head_json":{"title":"Musique -","robots":{"index":"index","follow":"follow","max-snippet":"max-snippet:-1","max-image-preview":"max-image-preview:large","max-video-preview":"max-video-preview:-1"},"canonical":"https:\/\/dansecouple.fr\/index.php\/musique\/","og_locale":"fr_FR","og_type":"article","og_title":"Musique -","og_description":"Une danse a \u00e9t\u00e9 cr\u00e9e \u00e0 partir d&rsquo;un type de musique. C&rsquo;est la musique qui induit une danse et non l&rsquo;inverse. Pour le d\u00e9butant, nous nous contenterons d\u2019utiliser essentiellement la base rythmique d\u2019une musique, c&rsquo;est-\u00e0-dire la partie jou\u00e9e habituellement par la batterie, la guitare basse ou la contrebasse. Le premier travail du danseur qui \u00e9coute...","og_url":"https:\/\/dansecouple.fr\/index.php\/musique\/","article_modified_time":"2023-10-17T09:48:24+00:00","twitter_card":"summary_large_image","twitter_misc":{"Dur\u00e9e de lecture estim\u00e9e":"1 minute"},"schema":{"@context":"https:\/\/schema.org","@graph":[{"@type":"WebPage","@id":"https:\/\/dansecouple.fr\/index.php\/musique\/","url":"https:\/\/dansecouple.fr\/index.php\/musique\/","name":"Musique -","isPartOf":{"@id":"https:\/\/dansecouple.fr\/#website"},"datePublished":"2023-10-12T23:32:28+00:00","dateModified":"2023-10-17T09:48:24+00:00","breadcrumb":{"@id":"https:\/\/dansecouple.fr\/index.php\/musique\/#breadcrumb"},"inLanguage":"fr-FR","potentialAction":[{"@type":"ReadAction","target":["https:\/\/dansecouple.fr\/index.php\/musique\/"]}]},{"@type":"BreadcrumbList","@id":"https:\/\/dansecouple.fr\/index.php\/musique\/#breadcrumb","itemListElement":[{"@type":"ListItem","position":1,"name":"Accueil","item":"https:\/\/dansecouple.fr\/"},{"@type":"ListItem","position":2,"name":"Musique"}]},{"@type":"WebSite","@id":"https:\/\/dansecouple.fr\/#website","url":"https:\/\/dansecouple.fr\/","name":"","description":"","potentialAction":[{"@type":"SearchAction","target":{"@type":"EntryPoint","urlTemplate":"https:\/\/dansecouple.fr\/?s={search_term_string}"},"query-input":{"@type":"PropertyValueSpecification","valueRequired":true,"valueName":"search_term_string"}}],"inLanguage":"fr-FR"}]}},"_links":{"self":[{"href":"https:\/\/dansecouple.fr\/index.php\/wp-json\/wp\/v2\/pages\/249","targetHints":{"allow":["GET"]}}],"collection":[{"href":"https:\/\/dansecouple.fr\/index.php\/wp-json\/wp\/v2\/pages"}],"about":[{"href":"https:\/\/dansecouple.fr\/index.php\/wp-json\/wp\/v2\/types\/page"}],"author":[{"embeddable":true,"href":"https:\/\/dansecouple.fr\/index.php\/wp-json\/wp\/v2\/users\/1"}],"replies":[{"embeddable":true,"href":"https:\/\/dansecouple.fr\/index.php\/wp-json\/wp\/v2\/comments?post=249"}],"version-history":[{"count":4,"href":"https:\/\/dansecouple.fr\/index.php\/wp-json\/wp\/v2\/pages\/249\/revisions"}],"predecessor-version":[{"id":309,"href":"https:\/\/dansecouple.fr\/index.php\/wp-json\/wp\/v2\/pages\/249\/revisions\/309"}],"wp:attachment":[{"href":"https:\/\/dansecouple.fr\/index.php\/wp-json\/wp\/v2\/media?parent=249"}],"curies":[{"name":"wp","href":"https:\/\/api.w.org\/{rel}","templated":true}]}}