{"id":239,"date":"2023-10-12T15:26:26","date_gmt":"2023-10-12T13:26:26","guid":{"rendered":"https:\/\/dansecouple.fr\/?page_id=239"},"modified":"2023-10-17T16:17:15","modified_gmt":"2023-10-17T14:17:15","slug":"niveaux","status":"publish","type":"page","link":"https:\/\/dansecouple.fr\/index.php\/niveaux\/","title":{"rendered":"Niveaux"},"content":{"rendered":"\n<hr class=\"wp-block-separator has-alpha-channel-opacity\"\/>\n\n\n\n<p>Nos cours Toutes Danses sont organis\u00e9s selon trois niveaux :<\/p>\n\n\n\n<p>Les niveaux 1 et 2 (N1 et N2) correspondent \u00e0 peu pr\u00e8s \u00e0 l&rsquo;ensemble des figures pratiqu\u00e9es dans les situations de bal courantes.<\/p>\n\n\n\n<p>Le&nbsp; niveau 3 s&rsquo;adresse \u00e0 ceux qui ont vraiment pris le virus de la danse et veulent se faire plaisir en allant plus loin dans la technique et l&rsquo;art de la danse.<\/p>\n\n\n\n<p>Revenons plus en d\u00e9tail sur chaque niveau :<\/p>\n\n\n\n<p>Le\u00a0<strong>N1\u00a0<\/strong>s&rsquo;adresse au danseur d\u00e9butant et permet de d\u00e9couvrir les technique de base. A l&rsquo;issu de celui-ci qui\u00a0<strong>dure en moyenne une ann\u00e9e<\/strong>, les danseurs savent pratiquer les premi\u00e8res figures des 6 danses de base (<strong>Rock, Valse, Paso Doble, Tango, Salsa, Chacha<\/strong>) sur des rythmes pas trop rapides. Le programme est fixe.<\/p>\n\n\n\n<p>Le\u00a0<strong>N2\u00a0<\/strong>permet de parfaire ces connaissances de base et de danser\u00a0<strong>la plupart des danses du bal \u00a0<\/strong>( Rumba, Samba, Quick Step, Valse Lente, Bachata) sur des rythmes habituels. Il n\u00e9cessite\u00a0<strong>en<\/strong>\u00a0<strong>moyenne deux \u00e0 trois ann\u00e9es<\/strong>\u00a0suppl\u00e9mentaires de partique assidue.<\/p>\n\n\n\n<p>ll<strong>&nbsp;<\/strong>permet de donner aux danseurs de bal un peu plus d&rsquo;aisance dans les situations de bal, mais permet d&rsquo;aborder aussi quelques techniques plus difficiles et&nbsp;danser de mani\u00e8re plus \u00e9l\u00e9gante. C&rsquo;est un pallier pour acc\u00e9der au niveau 3 ou une finalit\u00e9 pour les danseurs qui veulent s&rsquo;en tenir \u00e0 la danse de bal mais la ma\u00eetriser convenablement. Afin de ne pas lasser ceux qui souhaitent en rester \u00e0 ce stade, le programme est constitu\u00e9 d&rsquo;une partie fixe et d&rsquo;une partie nouvelle chaque ann\u00e9e.<\/p>\n\n\n\n<p>Le\u00a0<strong>N3<\/strong> permet d&rsquo;aller encore plus loin dans les danses de couple. On y d\u00e9couvre les techniques les plus avanc\u00e9es des danses de couple. Il s&rsquo;adresse aux plus passionn\u00e9s, et \u00e0 ceux souhaitent participer \u00e0 des ballets collectifs pour\u00a0 ex\u00e9cuter quelques repr\u00e9sentations \u00e0 certaines p\u00e9riodes.<\/p>\n","protected":false},"excerpt":{"rendered":"<p>Nos cours Toutes Danses sont organis\u00e9s selon trois niveaux : Les niveaux 1 et 2 (N1 et N2) correspondent \u00e0 peu pr\u00e8s \u00e0 l&rsquo;ensemble des figures pratiqu\u00e9es dans les situations de bal courantes. Le&nbsp; niveau 3 s&rsquo;adresse \u00e0 ceux qui ont vraiment pris le virus de la danse et veulent se faire plaisir en allant&#8230;<\/p>\n","protected":false},"author":1,"featured_media":0,"parent":0,"menu_order":0,"comment_status":"closed","ping_status":"closed","template":"","meta":{"_kadence_starter_templates_imported_post":false,"_kad_post_transparent":"","_kad_post_title":"","_kad_post_layout":"","_kad_post_sidebar_id":"","_kad_post_content_style":"","_kad_post_vertical_padding":"","_kad_post_feature":"","_kad_post_feature_position":"","_kad_post_header":false,"_kad_post_footer":false,"_kad_post_classname":"","footnotes":""},"class_list":["post-239","page","type-page","status-publish","hentry"],"yoast_head":"<!-- This site is optimized with the Yoast SEO plugin v27.4 - https:\/\/yoast.com\/product\/yoast-seo-wordpress\/ -->\n<title>Niveaux -<\/title>\n<meta name=\"robots\" content=\"index, follow, max-snippet:-1, max-image-preview:large, max-video-preview:-1\" \/>\n<link rel=\"canonical\" href=\"https:\/\/dansecouple.fr\/index.php\/niveaux\/\" \/>\n<meta property=\"og:locale\" content=\"fr_FR\" \/>\n<meta property=\"og:type\" content=\"article\" \/>\n<meta property=\"og:title\" content=\"Niveaux -\" \/>\n<meta property=\"og:description\" content=\"Nos cours Toutes Danses sont organis\u00e9s selon trois niveaux : Les niveaux 1 et 2 (N1 et N2) correspondent \u00e0 peu pr\u00e8s \u00e0 l&rsquo;ensemble des figures pratiqu\u00e9es dans les situations de bal courantes. Le&nbsp; niveau 3 s&rsquo;adresse \u00e0 ceux qui ont vraiment pris le virus de la danse et veulent se faire plaisir en allant...\" \/>\n<meta property=\"og:url\" content=\"https:\/\/dansecouple.fr\/index.php\/niveaux\/\" \/>\n<meta property=\"article:modified_time\" content=\"2023-10-17T14:17:15+00:00\" \/>\n<meta name=\"twitter:card\" content=\"summary_large_image\" \/>\n<meta name=\"twitter:label1\" content=\"Dur\u00e9e de lecture estim\u00e9e\" \/>\n\t<meta name=\"twitter:data1\" content=\"2 minutes\" \/>\n<script type=\"application\/ld+json\" class=\"yoast-schema-graph\">{\"@context\":\"https:\\\/\\\/schema.org\",\"@graph\":[{\"@type\":\"WebPage\",\"@id\":\"https:\\\/\\\/dansecouple.fr\\\/index.php\\\/niveaux\\\/\",\"url\":\"https:\\\/\\\/dansecouple.fr\\\/index.php\\\/niveaux\\\/\",\"name\":\"Niveaux -\",\"isPartOf\":{\"@id\":\"https:\\\/\\\/dansecouple.fr\\\/#website\"},\"datePublished\":\"2023-10-12T13:26:26+00:00\",\"dateModified\":\"2023-10-17T14:17:15+00:00\",\"breadcrumb\":{\"@id\":\"https:\\\/\\\/dansecouple.fr\\\/index.php\\\/niveaux\\\/#breadcrumb\"},\"inLanguage\":\"fr-FR\",\"potentialAction\":[{\"@type\":\"ReadAction\",\"target\":[\"https:\\\/\\\/dansecouple.fr\\\/index.php\\\/niveaux\\\/\"]}]},{\"@type\":\"BreadcrumbList\",\"@id\":\"https:\\\/\\\/dansecouple.fr\\\/index.php\\\/niveaux\\\/#breadcrumb\",\"itemListElement\":[{\"@type\":\"ListItem\",\"position\":1,\"name\":\"Accueil\",\"item\":\"https:\\\/\\\/dansecouple.fr\\\/\"},{\"@type\":\"ListItem\",\"position\":2,\"name\":\"Niveaux\"}]},{\"@type\":\"WebSite\",\"@id\":\"https:\\\/\\\/dansecouple.fr\\\/#website\",\"url\":\"https:\\\/\\\/dansecouple.fr\\\/\",\"name\":\"\",\"description\":\"\",\"potentialAction\":[{\"@type\":\"SearchAction\",\"target\":{\"@type\":\"EntryPoint\",\"urlTemplate\":\"https:\\\/\\\/dansecouple.fr\\\/?s={search_term_string}\"},\"query-input\":{\"@type\":\"PropertyValueSpecification\",\"valueRequired\":true,\"valueName\":\"search_term_string\"}}],\"inLanguage\":\"fr-FR\"}]}<\/script>\n<!-- \/ Yoast SEO plugin. -->","yoast_head_json":{"title":"Niveaux -","robots":{"index":"index","follow":"follow","max-snippet":"max-snippet:-1","max-image-preview":"max-image-preview:large","max-video-preview":"max-video-preview:-1"},"canonical":"https:\/\/dansecouple.fr\/index.php\/niveaux\/","og_locale":"fr_FR","og_type":"article","og_title":"Niveaux -","og_description":"Nos cours Toutes Danses sont organis\u00e9s selon trois niveaux : Les niveaux 1 et 2 (N1 et N2) correspondent \u00e0 peu pr\u00e8s \u00e0 l&rsquo;ensemble des figures pratiqu\u00e9es dans les situations de bal courantes. Le&nbsp; niveau 3 s&rsquo;adresse \u00e0 ceux qui ont vraiment pris le virus de la danse et veulent se faire plaisir en allant...","og_url":"https:\/\/dansecouple.fr\/index.php\/niveaux\/","article_modified_time":"2023-10-17T14:17:15+00:00","twitter_card":"summary_large_image","twitter_misc":{"Dur\u00e9e de lecture estim\u00e9e":"2 minutes"},"schema":{"@context":"https:\/\/schema.org","@graph":[{"@type":"WebPage","@id":"https:\/\/dansecouple.fr\/index.php\/niveaux\/","url":"https:\/\/dansecouple.fr\/index.php\/niveaux\/","name":"Niveaux -","isPartOf":{"@id":"https:\/\/dansecouple.fr\/#website"},"datePublished":"2023-10-12T13:26:26+00:00","dateModified":"2023-10-17T14:17:15+00:00","breadcrumb":{"@id":"https:\/\/dansecouple.fr\/index.php\/niveaux\/#breadcrumb"},"inLanguage":"fr-FR","potentialAction":[{"@type":"ReadAction","target":["https:\/\/dansecouple.fr\/index.php\/niveaux\/"]}]},{"@type":"BreadcrumbList","@id":"https:\/\/dansecouple.fr\/index.php\/niveaux\/#breadcrumb","itemListElement":[{"@type":"ListItem","position":1,"name":"Accueil","item":"https:\/\/dansecouple.fr\/"},{"@type":"ListItem","position":2,"name":"Niveaux"}]},{"@type":"WebSite","@id":"https:\/\/dansecouple.fr\/#website","url":"https:\/\/dansecouple.fr\/","name":"","description":"","potentialAction":[{"@type":"SearchAction","target":{"@type":"EntryPoint","urlTemplate":"https:\/\/dansecouple.fr\/?s={search_term_string}"},"query-input":{"@type":"PropertyValueSpecification","valueRequired":true,"valueName":"search_term_string"}}],"inLanguage":"fr-FR"}]}},"_links":{"self":[{"href":"https:\/\/dansecouple.fr\/index.php\/wp-json\/wp\/v2\/pages\/239","targetHints":{"allow":["GET"]}}],"collection":[{"href":"https:\/\/dansecouple.fr\/index.php\/wp-json\/wp\/v2\/pages"}],"about":[{"href":"https:\/\/dansecouple.fr\/index.php\/wp-json\/wp\/v2\/types\/page"}],"author":[{"embeddable":true,"href":"https:\/\/dansecouple.fr\/index.php\/wp-json\/wp\/v2\/users\/1"}],"replies":[{"embeddable":true,"href":"https:\/\/dansecouple.fr\/index.php\/wp-json\/wp\/v2\/comments?post=239"}],"version-history":[{"count":3,"href":"https:\/\/dansecouple.fr\/index.php\/wp-json\/wp\/v2\/pages\/239\/revisions"}],"predecessor-version":[{"id":371,"href":"https:\/\/dansecouple.fr\/index.php\/wp-json\/wp\/v2\/pages\/239\/revisions\/371"}],"wp:attachment":[{"href":"https:\/\/dansecouple.fr\/index.php\/wp-json\/wp\/v2\/media?parent=239"}],"curies":[{"name":"wp","href":"https:\/\/api.w.org\/{rel}","templated":true}]}}