{"id":237,"date":"2023-10-12T15:26:07","date_gmt":"2023-10-12T13:26:07","guid":{"rendered":"https:\/\/dansecouple.fr\/?page_id=237"},"modified":"2023-10-17T16:11:22","modified_gmt":"2023-10-17T14:11:22","slug":"pedagogie","status":"publish","type":"page","link":"https:\/\/dansecouple.fr\/index.php\/pedagogie\/","title":{"rendered":"P\u00e9dagogie"},"content":{"rendered":"\n<h3 class=\"wp-block-heading\"><strong>Une p\u00e9dagogie construite<\/strong><\/h3>\n\n\n\n<hr class=\"wp-block-separator has-alpha-channel-opacity\"\/>\n\n\n\n<p><strong>&nbsp;Cinq principes fondateurs<\/strong><\/p>\n\n\n\n<p>Notre approche des danses de soci\u00e9t\u00e9 est fond\u00e9e sur ces principes de base :<\/p>\n\n\n\n<p>1 &#8211; Les Danses de Soci\u00e9t\u00e9 sont des danses bas\u00e9es sur la convivialit\u00e9 et le plaisir avant tout, elles doivent pouvoir \u00eatre pratiqu\u00e9es par tous, quel que soit l&rsquo;\u00e2ge ou les capacit\u00e9s physiques. Leur apprentissage ne doit pas d\u00e9roger \u00e0 cette r\u00e8gle.<\/p>\n\n\n\n<p>2 &#8211; Les Danses de Soci\u00e9t\u00e9 prennent leur source, leur caract\u00e8re, leur essence dans l\u2019histoire des soci\u00e9t\u00e9s dont elles sont issues et dans la musique qui les supporte, elle-m\u00eame reflet de ces soci\u00e9t\u00e9s. Leur apprentissage doit partir de cette musique dont il convient de conna\u00eetre quelques rudiments.<\/p>\n\n\n\n<p>3 &#8211; Les Danses de Soci\u00e9t\u00e9 sont des \u00e9l\u00e9ments de la vie sociale et comme toute activit\u00e9 sociale respectent des codes pr\u00e9cis et parfois complexes communs \u00e0 une communaut\u00e9. Leur apprentissage n\u00e9cessite la connaissance de certaines r\u00e8gles et techniques qui n\u00e9cessitent du temps et de l&rsquo;assiduit\u00e9.<\/p>\n\n\n\n<p>4 &#8211; Les Danses de Soci\u00e9t\u00e9 sont une activit\u00e9 physique technique qui n\u00e9cessite la r\u00e9p\u00e9tition des mouvements pour obtenir une ma\u00eetrise suffisante. Leur apprentissage doit \u00eatre progressif et pr\u00e9voir des phases de r\u00e9p\u00e9tition des exercices. Une p\u00e9dagogie appropri\u00e9e est n\u00e9cessaire pour \u00e9viter cet aspect r\u00e9barbatif et le d\u00e9couragement inh\u00e9rent.<\/p>\n\n\n\n<p>5 &#8211; Les Danses de Soci\u00e9t\u00e9 sont en constante \u00e9volution, en liaison directe avec les musiques et la vie de la soci\u00e9t\u00e9. Leur apprentissage doit suivre cette \u00e9volution des modes et des techniques.<\/p>\n","protected":false},"excerpt":{"rendered":"<p>Une p\u00e9dagogie construite &nbsp;Cinq principes fondateurs Notre approche des danses de soci\u00e9t\u00e9 est fond\u00e9e sur ces principes de base : 1 &#8211; Les Danses de Soci\u00e9t\u00e9 sont des danses bas\u00e9es sur la convivialit\u00e9 et le plaisir avant tout, elles doivent pouvoir \u00eatre pratiqu\u00e9es par tous, quel que soit l&rsquo;\u00e2ge ou les capacit\u00e9s physiques. Leur apprentissage&#8230;<\/p>\n","protected":false},"author":1,"featured_media":0,"parent":0,"menu_order":0,"comment_status":"closed","ping_status":"closed","template":"","meta":{"_kadence_starter_templates_imported_post":false,"_kad_post_transparent":"","_kad_post_title":"","_kad_post_layout":"","_kad_post_sidebar_id":"","_kad_post_content_style":"","_kad_post_vertical_padding":"","_kad_post_feature":"","_kad_post_feature_position":"","_kad_post_header":false,"_kad_post_footer":false,"_kad_post_classname":"","footnotes":""},"class_list":["post-237","page","type-page","status-publish","hentry"],"yoast_head":"<!-- This site is optimized with the Yoast SEO plugin v27.4 - https:\/\/yoast.com\/product\/yoast-seo-wordpress\/ -->\n<title>P\u00e9dagogie -<\/title>\n<meta name=\"robots\" content=\"index, follow, max-snippet:-1, max-image-preview:large, max-video-preview:-1\" \/>\n<link rel=\"canonical\" href=\"https:\/\/dansecouple.fr\/index.php\/pedagogie\/\" \/>\n<meta property=\"og:locale\" content=\"fr_FR\" \/>\n<meta property=\"og:type\" content=\"article\" \/>\n<meta property=\"og:title\" content=\"P\u00e9dagogie -\" \/>\n<meta property=\"og:description\" content=\"Une p\u00e9dagogie construite &nbsp;Cinq principes fondateurs Notre approche des danses de soci\u00e9t\u00e9 est fond\u00e9e sur ces principes de base : 1 &#8211; Les Danses de Soci\u00e9t\u00e9 sont des danses bas\u00e9es sur la convivialit\u00e9 et le plaisir avant tout, elles doivent pouvoir \u00eatre pratiqu\u00e9es par tous, quel que soit l&rsquo;\u00e2ge ou les capacit\u00e9s physiques. Leur apprentissage...\" \/>\n<meta property=\"og:url\" content=\"https:\/\/dansecouple.fr\/index.php\/pedagogie\/\" \/>\n<meta property=\"article:modified_time\" content=\"2023-10-17T14:11:22+00:00\" \/>\n<meta name=\"twitter:card\" content=\"summary_large_image\" \/>\n<meta name=\"twitter:label1\" content=\"Dur\u00e9e de lecture estim\u00e9e\" \/>\n\t<meta name=\"twitter:data1\" content=\"1 minute\" \/>\n<script type=\"application\/ld+json\" class=\"yoast-schema-graph\">{\"@context\":\"https:\\\/\\\/schema.org\",\"@graph\":[{\"@type\":\"WebPage\",\"@id\":\"https:\\\/\\\/dansecouple.fr\\\/index.php\\\/pedagogie\\\/\",\"url\":\"https:\\\/\\\/dansecouple.fr\\\/index.php\\\/pedagogie\\\/\",\"name\":\"P\u00e9dagogie -\",\"isPartOf\":{\"@id\":\"https:\\\/\\\/dansecouple.fr\\\/#website\"},\"datePublished\":\"2023-10-12T13:26:07+00:00\",\"dateModified\":\"2023-10-17T14:11:22+00:00\",\"breadcrumb\":{\"@id\":\"https:\\\/\\\/dansecouple.fr\\\/index.php\\\/pedagogie\\\/#breadcrumb\"},\"inLanguage\":\"fr-FR\",\"potentialAction\":[{\"@type\":\"ReadAction\",\"target\":[\"https:\\\/\\\/dansecouple.fr\\\/index.php\\\/pedagogie\\\/\"]}]},{\"@type\":\"BreadcrumbList\",\"@id\":\"https:\\\/\\\/dansecouple.fr\\\/index.php\\\/pedagogie\\\/#breadcrumb\",\"itemListElement\":[{\"@type\":\"ListItem\",\"position\":1,\"name\":\"Accueil\",\"item\":\"https:\\\/\\\/dansecouple.fr\\\/\"},{\"@type\":\"ListItem\",\"position\":2,\"name\":\"P\u00e9dagogie\"}]},{\"@type\":\"WebSite\",\"@id\":\"https:\\\/\\\/dansecouple.fr\\\/#website\",\"url\":\"https:\\\/\\\/dansecouple.fr\\\/\",\"name\":\"\",\"description\":\"\",\"potentialAction\":[{\"@type\":\"SearchAction\",\"target\":{\"@type\":\"EntryPoint\",\"urlTemplate\":\"https:\\\/\\\/dansecouple.fr\\\/?s={search_term_string}\"},\"query-input\":{\"@type\":\"PropertyValueSpecification\",\"valueRequired\":true,\"valueName\":\"search_term_string\"}}],\"inLanguage\":\"fr-FR\"}]}<\/script>\n<!-- \/ Yoast SEO plugin. -->","yoast_head_json":{"title":"P\u00e9dagogie -","robots":{"index":"index","follow":"follow","max-snippet":"max-snippet:-1","max-image-preview":"max-image-preview:large","max-video-preview":"max-video-preview:-1"},"canonical":"https:\/\/dansecouple.fr\/index.php\/pedagogie\/","og_locale":"fr_FR","og_type":"article","og_title":"P\u00e9dagogie -","og_description":"Une p\u00e9dagogie construite &nbsp;Cinq principes fondateurs Notre approche des danses de soci\u00e9t\u00e9 est fond\u00e9e sur ces principes de base : 1 &#8211; Les Danses de Soci\u00e9t\u00e9 sont des danses bas\u00e9es sur la convivialit\u00e9 et le plaisir avant tout, elles doivent pouvoir \u00eatre pratiqu\u00e9es par tous, quel que soit l&rsquo;\u00e2ge ou les capacit\u00e9s physiques. Leur apprentissage...","og_url":"https:\/\/dansecouple.fr\/index.php\/pedagogie\/","article_modified_time":"2023-10-17T14:11:22+00:00","twitter_card":"summary_large_image","twitter_misc":{"Dur\u00e9e de lecture estim\u00e9e":"1 minute"},"schema":{"@context":"https:\/\/schema.org","@graph":[{"@type":"WebPage","@id":"https:\/\/dansecouple.fr\/index.php\/pedagogie\/","url":"https:\/\/dansecouple.fr\/index.php\/pedagogie\/","name":"P\u00e9dagogie -","isPartOf":{"@id":"https:\/\/dansecouple.fr\/#website"},"datePublished":"2023-10-12T13:26:07+00:00","dateModified":"2023-10-17T14:11:22+00:00","breadcrumb":{"@id":"https:\/\/dansecouple.fr\/index.php\/pedagogie\/#breadcrumb"},"inLanguage":"fr-FR","potentialAction":[{"@type":"ReadAction","target":["https:\/\/dansecouple.fr\/index.php\/pedagogie\/"]}]},{"@type":"BreadcrumbList","@id":"https:\/\/dansecouple.fr\/index.php\/pedagogie\/#breadcrumb","itemListElement":[{"@type":"ListItem","position":1,"name":"Accueil","item":"https:\/\/dansecouple.fr\/"},{"@type":"ListItem","position":2,"name":"P\u00e9dagogie"}]},{"@type":"WebSite","@id":"https:\/\/dansecouple.fr\/#website","url":"https:\/\/dansecouple.fr\/","name":"","description":"","potentialAction":[{"@type":"SearchAction","target":{"@type":"EntryPoint","urlTemplate":"https:\/\/dansecouple.fr\/?s={search_term_string}"},"query-input":{"@type":"PropertyValueSpecification","valueRequired":true,"valueName":"search_term_string"}}],"inLanguage":"fr-FR"}]}},"_links":{"self":[{"href":"https:\/\/dansecouple.fr\/index.php\/wp-json\/wp\/v2\/pages\/237","targetHints":{"allow":["GET"]}}],"collection":[{"href":"https:\/\/dansecouple.fr\/index.php\/wp-json\/wp\/v2\/pages"}],"about":[{"href":"https:\/\/dansecouple.fr\/index.php\/wp-json\/wp\/v2\/types\/page"}],"author":[{"embeddable":true,"href":"https:\/\/dansecouple.fr\/index.php\/wp-json\/wp\/v2\/users\/1"}],"replies":[{"embeddable":true,"href":"https:\/\/dansecouple.fr\/index.php\/wp-json\/wp\/v2\/comments?post=237"}],"version-history":[{"count":3,"href":"https:\/\/dansecouple.fr\/index.php\/wp-json\/wp\/v2\/pages\/237\/revisions"}],"predecessor-version":[{"id":369,"href":"https:\/\/dansecouple.fr\/index.php\/wp-json\/wp\/v2\/pages\/237\/revisions\/369"}],"wp:attachment":[{"href":"https:\/\/dansecouple.fr\/index.php\/wp-json\/wp\/v2\/media?parent=237"}],"curies":[{"name":"wp","href":"https:\/\/api.w.org\/{rel}","templated":true}]}}