{"id":235,"date":"2023-10-12T15:25:47","date_gmt":"2023-10-12T13:25:47","guid":{"rendered":"https:\/\/dansecouple.fr\/?page_id=235"},"modified":"2023-10-17T16:09:04","modified_gmt":"2023-10-17T14:09:04","slug":"professeurs","status":"publish","type":"page","link":"https:\/\/dansecouple.fr\/index.php\/professeurs\/","title":{"rendered":"Professeurs"},"content":{"rendered":"\n<p><strong>Pascale et Jean Fran\u00e7ois<\/strong><\/p>\n\n\n\n<p>Enseignants de formation.<\/p>\n\n\n\n<p>Professeurs dipl\u00f4m\u00e9s de l&rsquo;Academie des Ma\u00eetres de Danse de France.<\/p>\n\n\n\n<p>Dipl\u00f4m\u00e9s de l&rsquo;Institut de Formation aux Danses de Soci\u00e9t\u00e9 de Toulouse.<\/p>\n\n\n\n<p>Formation continue avec Philippe CANO de Lyon, Champion de France de Danse Show standard et M-H\u00e9l\u00e8ne DUFAU de Montauban, Ma\u00eetre de Danse formatrice \u00e0 l &lsquo; A.M.D.F. et d&rsquo;autres professeurs tels Ren\u00e9 Barsi et Josette G\u00e9rard<\/p>\n","protected":false},"excerpt":{"rendered":"<p>Pascale et Jean Fran\u00e7ois Enseignants de formation. Professeurs dipl\u00f4m\u00e9s de l&rsquo;Academie des Ma\u00eetres de Danse de France. Dipl\u00f4m\u00e9s de l&rsquo;Institut de Formation aux Danses de Soci\u00e9t\u00e9 de Toulouse. Formation continue avec Philippe CANO de Lyon, Champion de France de Danse Show standard et M-H\u00e9l\u00e8ne DUFAU de Montauban, Ma\u00eetre de Danse formatrice \u00e0 l &lsquo; A.M.D.F&#8230;.<\/p>\n","protected":false},"author":1,"featured_media":0,"parent":0,"menu_order":0,"comment_status":"closed","ping_status":"closed","template":"","meta":{"_kadence_starter_templates_imported_post":false,"_kad_post_transparent":"","_kad_post_title":"","_kad_post_layout":"","_kad_post_sidebar_id":"","_kad_post_content_style":"","_kad_post_vertical_padding":"","_kad_post_feature":"","_kad_post_feature_position":"","_kad_post_header":false,"_kad_post_footer":false,"_kad_post_classname":"","footnotes":""},"class_list":["post-235","page","type-page","status-publish","hentry"],"yoast_head":"<!-- This site is optimized with the Yoast SEO plugin v27.4 - https:\/\/yoast.com\/product\/yoast-seo-wordpress\/ -->\n<title>Professeurs -<\/title>\n<meta name=\"robots\" content=\"index, follow, max-snippet:-1, max-image-preview:large, max-video-preview:-1\" \/>\n<link rel=\"canonical\" href=\"https:\/\/dansecouple.fr\/index.php\/professeurs\/\" \/>\n<meta property=\"og:locale\" content=\"fr_FR\" \/>\n<meta property=\"og:type\" content=\"article\" \/>\n<meta property=\"og:title\" content=\"Professeurs -\" \/>\n<meta property=\"og:description\" content=\"Pascale et Jean Fran\u00e7ois Enseignants de formation. Professeurs dipl\u00f4m\u00e9s de l&rsquo;Academie des Ma\u00eetres de Danse de France. Dipl\u00f4m\u00e9s de l&rsquo;Institut de Formation aux Danses de Soci\u00e9t\u00e9 de Toulouse. Formation continue avec Philippe CANO de Lyon, Champion de France de Danse Show standard et M-H\u00e9l\u00e8ne DUFAU de Montauban, Ma\u00eetre de Danse formatrice \u00e0 l &lsquo; A.M.D.F....\" \/>\n<meta property=\"og:url\" content=\"https:\/\/dansecouple.fr\/index.php\/professeurs\/\" \/>\n<meta property=\"article:modified_time\" content=\"2023-10-17T14:09:04+00:00\" \/>\n<meta name=\"twitter:card\" content=\"summary_large_image\" \/>\n<script type=\"application\/ld+json\" class=\"yoast-schema-graph\">{\"@context\":\"https:\\\/\\\/schema.org\",\"@graph\":[{\"@type\":\"WebPage\",\"@id\":\"https:\\\/\\\/dansecouple.fr\\\/index.php\\\/professeurs\\\/\",\"url\":\"https:\\\/\\\/dansecouple.fr\\\/index.php\\\/professeurs\\\/\",\"name\":\"Professeurs -\",\"isPartOf\":{\"@id\":\"https:\\\/\\\/dansecouple.fr\\\/#website\"},\"datePublished\":\"2023-10-12T13:25:47+00:00\",\"dateModified\":\"2023-10-17T14:09:04+00:00\",\"breadcrumb\":{\"@id\":\"https:\\\/\\\/dansecouple.fr\\\/index.php\\\/professeurs\\\/#breadcrumb\"},\"inLanguage\":\"fr-FR\",\"potentialAction\":[{\"@type\":\"ReadAction\",\"target\":[\"https:\\\/\\\/dansecouple.fr\\\/index.php\\\/professeurs\\\/\"]}]},{\"@type\":\"BreadcrumbList\",\"@id\":\"https:\\\/\\\/dansecouple.fr\\\/index.php\\\/professeurs\\\/#breadcrumb\",\"itemListElement\":[{\"@type\":\"ListItem\",\"position\":1,\"name\":\"Accueil\",\"item\":\"https:\\\/\\\/dansecouple.fr\\\/\"},{\"@type\":\"ListItem\",\"position\":2,\"name\":\"Professeurs\"}]},{\"@type\":\"WebSite\",\"@id\":\"https:\\\/\\\/dansecouple.fr\\\/#website\",\"url\":\"https:\\\/\\\/dansecouple.fr\\\/\",\"name\":\"\",\"description\":\"\",\"potentialAction\":[{\"@type\":\"SearchAction\",\"target\":{\"@type\":\"EntryPoint\",\"urlTemplate\":\"https:\\\/\\\/dansecouple.fr\\\/?s={search_term_string}\"},\"query-input\":{\"@type\":\"PropertyValueSpecification\",\"valueRequired\":true,\"valueName\":\"search_term_string\"}}],\"inLanguage\":\"fr-FR\"}]}<\/script>\n<!-- \/ Yoast SEO plugin. -->","yoast_head_json":{"title":"Professeurs -","robots":{"index":"index","follow":"follow","max-snippet":"max-snippet:-1","max-image-preview":"max-image-preview:large","max-video-preview":"max-video-preview:-1"},"canonical":"https:\/\/dansecouple.fr\/index.php\/professeurs\/","og_locale":"fr_FR","og_type":"article","og_title":"Professeurs -","og_description":"Pascale et Jean Fran\u00e7ois Enseignants de formation. Professeurs dipl\u00f4m\u00e9s de l&rsquo;Academie des Ma\u00eetres de Danse de France. Dipl\u00f4m\u00e9s de l&rsquo;Institut de Formation aux Danses de Soci\u00e9t\u00e9 de Toulouse. Formation continue avec Philippe CANO de Lyon, Champion de France de Danse Show standard et M-H\u00e9l\u00e8ne DUFAU de Montauban, Ma\u00eetre de Danse formatrice \u00e0 l &lsquo; A.M.D.F....","og_url":"https:\/\/dansecouple.fr\/index.php\/professeurs\/","article_modified_time":"2023-10-17T14:09:04+00:00","twitter_card":"summary_large_image","schema":{"@context":"https:\/\/schema.org","@graph":[{"@type":"WebPage","@id":"https:\/\/dansecouple.fr\/index.php\/professeurs\/","url":"https:\/\/dansecouple.fr\/index.php\/professeurs\/","name":"Professeurs -","isPartOf":{"@id":"https:\/\/dansecouple.fr\/#website"},"datePublished":"2023-10-12T13:25:47+00:00","dateModified":"2023-10-17T14:09:04+00:00","breadcrumb":{"@id":"https:\/\/dansecouple.fr\/index.php\/professeurs\/#breadcrumb"},"inLanguage":"fr-FR","potentialAction":[{"@type":"ReadAction","target":["https:\/\/dansecouple.fr\/index.php\/professeurs\/"]}]},{"@type":"BreadcrumbList","@id":"https:\/\/dansecouple.fr\/index.php\/professeurs\/#breadcrumb","itemListElement":[{"@type":"ListItem","position":1,"name":"Accueil","item":"https:\/\/dansecouple.fr\/"},{"@type":"ListItem","position":2,"name":"Professeurs"}]},{"@type":"WebSite","@id":"https:\/\/dansecouple.fr\/#website","url":"https:\/\/dansecouple.fr\/","name":"","description":"","potentialAction":[{"@type":"SearchAction","target":{"@type":"EntryPoint","urlTemplate":"https:\/\/dansecouple.fr\/?s={search_term_string}"},"query-input":{"@type":"PropertyValueSpecification","valueRequired":true,"valueName":"search_term_string"}}],"inLanguage":"fr-FR"}]}},"_links":{"self":[{"href":"https:\/\/dansecouple.fr\/index.php\/wp-json\/wp\/v2\/pages\/235","targetHints":{"allow":["GET"]}}],"collection":[{"href":"https:\/\/dansecouple.fr\/index.php\/wp-json\/wp\/v2\/pages"}],"about":[{"href":"https:\/\/dansecouple.fr\/index.php\/wp-json\/wp\/v2\/types\/page"}],"author":[{"embeddable":true,"href":"https:\/\/dansecouple.fr\/index.php\/wp-json\/wp\/v2\/users\/1"}],"replies":[{"embeddable":true,"href":"https:\/\/dansecouple.fr\/index.php\/wp-json\/wp\/v2\/comments?post=235"}],"version-history":[{"count":3,"href":"https:\/\/dansecouple.fr\/index.php\/wp-json\/wp\/v2\/pages\/235\/revisions"}],"predecessor-version":[{"id":367,"href":"https:\/\/dansecouple.fr\/index.php\/wp-json\/wp\/v2\/pages\/235\/revisions\/367"}],"wp:attachment":[{"href":"https:\/\/dansecouple.fr\/index.php\/wp-json\/wp\/v2\/media?parent=235"}],"curies":[{"name":"wp","href":"https:\/\/api.w.org\/{rel}","templated":true}]}}