{"id":206,"date":"2023-10-12T02:04:33","date_gmt":"2023-10-12T00:04:33","guid":{"rendered":"https:\/\/dansecouple.fr\/?page_id=206"},"modified":"2023-10-17T15:47:54","modified_gmt":"2023-10-17T13:47:54","slug":"danses-de-couple-actuelles","status":"publish","type":"page","link":"https:\/\/dansecouple.fr\/index.php\/danses-de-couple-actuelles\/","title":{"rendered":"Danses de couple actuelles"},"content":{"rendered":"\n<h2 class=\"wp-block-heading\"><strong>Les danses de couple<\/strong><\/h2>\n\n\n\n<p>Nous pouvons classer les danses de couple en plusieurs cat\u00e9gories.<\/p>\n\n\n\n<p>Certaines danses sont pratiqu\u00e9es en comp\u00e9tition, et comme dans toutes les disciplines, ce sont ces choix&nbsp; qui ont tendance \u00e0 se g\u00e9n\u00e9raliser puisqu&rsquo;ils sont partag\u00e9s par de nombreuses nations.<\/p>\n\n\n\n<p>Les danses de comp\u00e9tition sont partag\u00e9es en deux cat\u00e9gories :<\/p>\n\n\n\n<p>1 &#8211; Les danses Standard :&nbsp;<strong>Valse Lente<\/strong>,&nbsp;<strong>Valse Viennoise<\/strong>,&nbsp;<strong>Tango<\/strong>,&nbsp;<strong>Slow Fox<\/strong>,&nbsp;<strong>Quick Step<\/strong>&nbsp;&nbsp;<\/p>\n\n\n\n<p>2 &#8211; Les danses Latines :&nbsp;<strong>Cha cha cha<\/strong>,&nbsp;<strong>Rumba<\/strong>,&nbsp;<strong>Samba<\/strong>,&nbsp;<strong>Paso Doble<\/strong>,&nbsp;<strong>Jive&nbsp;<\/strong>(une forme de Rock)&nbsp;<\/p>\n\n\n\n<p>Ces danses qui respectent des r\u00e8gles pr\u00e9cises en comp\u00e9tition sont d\u00e9clin\u00e9es dans des versions plus simples lorsqu&rsquo;on les pratique au bal.<\/p>\n\n\n\n<p>A ces danses s&rsquo;ajoutent des danses tr\u00e8s pratiqu\u00e9es actuellement :<\/p>\n\n\n\n<p>3 &#8211; Les Salsas :&nbsp;<strong>Cubaine<\/strong>, Portoricaine ou colombienne<\/p>\n\n\n\n<p>4 &#8211; Les Rocks :&nbsp;<strong>Rock \u00e0 plat,<\/strong>&nbsp;Lindy Hop, Boogie Woogie, Rock Saut\u00e9 (acrobatique), Balboa&#8230;<\/p>\n\n\n\n<p>5 &#8211; Des swings am\u00e9ricains :&nbsp;<strong>West Coast Swing<\/strong>, East Coast Swing&#8230;<\/p>\n\n\n\n<p>6 &#8211; Les danses des cara\u00eebes :\u00a0Merengue, Zouk, Biguine, <strong>Bachata<\/strong>&#8230;<\/p>\n\n\n\n<p>7 &#8211; Les&nbsp; tangos argentins : Tango Argentin, Milonga, Valse Latine<\/p>\n\n\n\n<p>8 &#8211; Des dances pass\u00e9es de mode :\u00a0Valse Musette\u00a0(encore tr\u00e8s pratiqu\u00e9e),\u00a0<strong>Java,<\/strong> Polka, Foxtrot, Boston&#8230;<\/p>\n\n\n\n<p>(Les caract\u00e8res gras soulignent les danses apprises dans nos cours, mais les autres peuvent \u00eatre abord\u00e9es lors de moments exceptionnels comme par exemple des animations lors des&nbsp; Soir\u00e9es de Pratiques)<\/p>\n","protected":false},"excerpt":{"rendered":"<p>Les danses de couple Nous pouvons classer les danses de couple en plusieurs cat\u00e9gories. Certaines danses sont pratiqu\u00e9es en comp\u00e9tition, et comme dans toutes les disciplines, ce sont ces choix&nbsp; qui ont tendance \u00e0 se g\u00e9n\u00e9raliser puisqu&rsquo;ils sont partag\u00e9s par de nombreuses nations. Les danses de comp\u00e9tition sont partag\u00e9es en deux cat\u00e9gories : 1 &#8211;&#8230;<\/p>\n","protected":false},"author":1,"featured_media":0,"parent":0,"menu_order":0,"comment_status":"closed","ping_status":"closed","template":"","meta":{"_kadence_starter_templates_imported_post":false,"_kad_post_transparent":"","_kad_post_title":"","_kad_post_layout":"","_kad_post_sidebar_id":"","_kad_post_content_style":"","_kad_post_vertical_padding":"","_kad_post_feature":"","_kad_post_feature_position":"","_kad_post_header":false,"_kad_post_footer":false,"_kad_post_classname":"","footnotes":""},"class_list":["post-206","page","type-page","status-publish","hentry"],"yoast_head":"<!-- This site is optimized with the Yoast SEO plugin v27.4 - https:\/\/yoast.com\/product\/yoast-seo-wordpress\/ -->\n<title>Danses de couple actuelles -<\/title>\n<meta name=\"robots\" content=\"index, follow, max-snippet:-1, max-image-preview:large, max-video-preview:-1\" \/>\n<link rel=\"canonical\" href=\"https:\/\/dansecouple.fr\/index.php\/danses-de-couple-actuelles\/\" \/>\n<meta property=\"og:locale\" content=\"fr_FR\" \/>\n<meta property=\"og:type\" content=\"article\" \/>\n<meta property=\"og:title\" content=\"Danses de couple actuelles -\" \/>\n<meta property=\"og:description\" content=\"Les danses de couple Nous pouvons classer les danses de couple en plusieurs cat\u00e9gories. Certaines danses sont pratiqu\u00e9es en comp\u00e9tition, et comme dans toutes les disciplines, ce sont ces choix&nbsp; qui ont tendance \u00e0 se g\u00e9n\u00e9raliser puisqu&rsquo;ils sont partag\u00e9s par de nombreuses nations. Les danses de comp\u00e9tition sont partag\u00e9es en deux cat\u00e9gories : 1 &#8211;...\" \/>\n<meta property=\"og:url\" content=\"https:\/\/dansecouple.fr\/index.php\/danses-de-couple-actuelles\/\" \/>\n<meta property=\"article:modified_time\" content=\"2023-10-17T13:47:54+00:00\" \/>\n<meta name=\"twitter:card\" content=\"summary_large_image\" \/>\n<meta name=\"twitter:label1\" content=\"Dur\u00e9e de lecture estim\u00e9e\" \/>\n\t<meta name=\"twitter:data1\" content=\"1 minute\" \/>\n<script type=\"application\/ld+json\" class=\"yoast-schema-graph\">{\"@context\":\"https:\\\/\\\/schema.org\",\"@graph\":[{\"@type\":\"WebPage\",\"@id\":\"https:\\\/\\\/dansecouple.fr\\\/index.php\\\/danses-de-couple-actuelles\\\/\",\"url\":\"https:\\\/\\\/dansecouple.fr\\\/index.php\\\/danses-de-couple-actuelles\\\/\",\"name\":\"Danses de couple actuelles -\",\"isPartOf\":{\"@id\":\"https:\\\/\\\/dansecouple.fr\\\/#website\"},\"datePublished\":\"2023-10-12T00:04:33+00:00\",\"dateModified\":\"2023-10-17T13:47:54+00:00\",\"breadcrumb\":{\"@id\":\"https:\\\/\\\/dansecouple.fr\\\/index.php\\\/danses-de-couple-actuelles\\\/#breadcrumb\"},\"inLanguage\":\"fr-FR\",\"potentialAction\":[{\"@type\":\"ReadAction\",\"target\":[\"https:\\\/\\\/dansecouple.fr\\\/index.php\\\/danses-de-couple-actuelles\\\/\"]}]},{\"@type\":\"BreadcrumbList\",\"@id\":\"https:\\\/\\\/dansecouple.fr\\\/index.php\\\/danses-de-couple-actuelles\\\/#breadcrumb\",\"itemListElement\":[{\"@type\":\"ListItem\",\"position\":1,\"name\":\"Accueil\",\"item\":\"https:\\\/\\\/dansecouple.fr\\\/\"},{\"@type\":\"ListItem\",\"position\":2,\"name\":\"Danses de couple actuelles\"}]},{\"@type\":\"WebSite\",\"@id\":\"https:\\\/\\\/dansecouple.fr\\\/#website\",\"url\":\"https:\\\/\\\/dansecouple.fr\\\/\",\"name\":\"\",\"description\":\"\",\"potentialAction\":[{\"@type\":\"SearchAction\",\"target\":{\"@type\":\"EntryPoint\",\"urlTemplate\":\"https:\\\/\\\/dansecouple.fr\\\/?s={search_term_string}\"},\"query-input\":{\"@type\":\"PropertyValueSpecification\",\"valueRequired\":true,\"valueName\":\"search_term_string\"}}],\"inLanguage\":\"fr-FR\"}]}<\/script>\n<!-- \/ Yoast SEO plugin. -->","yoast_head_json":{"title":"Danses de couple actuelles -","robots":{"index":"index","follow":"follow","max-snippet":"max-snippet:-1","max-image-preview":"max-image-preview:large","max-video-preview":"max-video-preview:-1"},"canonical":"https:\/\/dansecouple.fr\/index.php\/danses-de-couple-actuelles\/","og_locale":"fr_FR","og_type":"article","og_title":"Danses de couple actuelles -","og_description":"Les danses de couple Nous pouvons classer les danses de couple en plusieurs cat\u00e9gories. Certaines danses sont pratiqu\u00e9es en comp\u00e9tition, et comme dans toutes les disciplines, ce sont ces choix&nbsp; qui ont tendance \u00e0 se g\u00e9n\u00e9raliser puisqu&rsquo;ils sont partag\u00e9s par de nombreuses nations. Les danses de comp\u00e9tition sont partag\u00e9es en deux cat\u00e9gories : 1 &#8211;...","og_url":"https:\/\/dansecouple.fr\/index.php\/danses-de-couple-actuelles\/","article_modified_time":"2023-10-17T13:47:54+00:00","twitter_card":"summary_large_image","twitter_misc":{"Dur\u00e9e de lecture estim\u00e9e":"1 minute"},"schema":{"@context":"https:\/\/schema.org","@graph":[{"@type":"WebPage","@id":"https:\/\/dansecouple.fr\/index.php\/danses-de-couple-actuelles\/","url":"https:\/\/dansecouple.fr\/index.php\/danses-de-couple-actuelles\/","name":"Danses de couple actuelles -","isPartOf":{"@id":"https:\/\/dansecouple.fr\/#website"},"datePublished":"2023-10-12T00:04:33+00:00","dateModified":"2023-10-17T13:47:54+00:00","breadcrumb":{"@id":"https:\/\/dansecouple.fr\/index.php\/danses-de-couple-actuelles\/#breadcrumb"},"inLanguage":"fr-FR","potentialAction":[{"@type":"ReadAction","target":["https:\/\/dansecouple.fr\/index.php\/danses-de-couple-actuelles\/"]}]},{"@type":"BreadcrumbList","@id":"https:\/\/dansecouple.fr\/index.php\/danses-de-couple-actuelles\/#breadcrumb","itemListElement":[{"@type":"ListItem","position":1,"name":"Accueil","item":"https:\/\/dansecouple.fr\/"},{"@type":"ListItem","position":2,"name":"Danses de couple actuelles"}]},{"@type":"WebSite","@id":"https:\/\/dansecouple.fr\/#website","url":"https:\/\/dansecouple.fr\/","name":"","description":"","potentialAction":[{"@type":"SearchAction","target":{"@type":"EntryPoint","urlTemplate":"https:\/\/dansecouple.fr\/?s={search_term_string}"},"query-input":{"@type":"PropertyValueSpecification","valueRequired":true,"valueName":"search_term_string"}}],"inLanguage":"fr-FR"}]}},"_links":{"self":[{"href":"https:\/\/dansecouple.fr\/index.php\/wp-json\/wp\/v2\/pages\/206","targetHints":{"allow":["GET"]}}],"collection":[{"href":"https:\/\/dansecouple.fr\/index.php\/wp-json\/wp\/v2\/pages"}],"about":[{"href":"https:\/\/dansecouple.fr\/index.php\/wp-json\/wp\/v2\/types\/page"}],"author":[{"embeddable":true,"href":"https:\/\/dansecouple.fr\/index.php\/wp-json\/wp\/v2\/users\/1"}],"replies":[{"embeddable":true,"href":"https:\/\/dansecouple.fr\/index.php\/wp-json\/wp\/v2\/comments?post=206"}],"version-history":[{"count":3,"href":"https:\/\/dansecouple.fr\/index.php\/wp-json\/wp\/v2\/pages\/206\/revisions"}],"predecessor-version":[{"id":362,"href":"https:\/\/dansecouple.fr\/index.php\/wp-json\/wp\/v2\/pages\/206\/revisions\/362"}],"wp:attachment":[{"href":"https:\/\/dansecouple.fr\/index.php\/wp-json\/wp\/v2\/media?parent=206"}],"curies":[{"name":"wp","href":"https:\/\/api.w.org\/{rel}","templated":true}]}}