{"id":179,"date":"2023-10-12T01:55:09","date_gmt":"2023-10-11T23:55:09","guid":{"rendered":"https:\/\/dansecouple.fr\/?page_id=179"},"modified":"2023-10-21T12:26:02","modified_gmt":"2023-10-21T10:26:02","slug":"valse-lente","status":"publish","type":"page","link":"https:\/\/dansecouple.fr\/index.php\/valse-lente\/","title":{"rendered":"Valse Lente"},"content":{"rendered":"\n<p><strong>Routine 1<\/strong><\/p>\n\n\n\n<p>Tour \u00e0 droite<\/p>\n\n\n\n<p>Pas de change de Droite \u00e0 Gauche<\/p>\n\n\n\n<p>Tour \u00e0 Gauche<\/p>\n\n\n\n<p>Pas de change de Gauche \u00e0 Droite<\/p>\n\n\n\n<iframe loading=\"lazy\" width=\"560\" height=\"315\" src=\"https:\/\/www.youtube.com\/embed\/VxhPOPE2C1s?si=BEMiugjy5wv3-OJR\" title=\"YouTube video player\" frameborder=\"0\" allow=\"accelerometer; autoplay; clipboard-write; encrypted-media; gyroscope; picture-in-picture; web-share\" allowfullscreen><\/iframe>\n\n\n\n<p><strong>Routine 2<\/strong><\/p>\n\n\n\n<p>Pas de change de Gauche \u00e0 Droite<\/p>\n\n\n\n<p>Tour \u00e0 Droite<\/p>\n\n\n\n<p>Tour \u00e0 Droite pour Changer de diagonale<\/p>\n\n\n\n<p>Pas de change de Droite \u00e0 Gauche<\/p>\n\n\n\n<p>Tour \u00e0 Gauche<\/p>\n\n\n\n<iframe loading=\"lazy\" width=\"560\" height=\"315\" src=\"https:\/\/www.youtube.com\/embed\/fDuIfFuTxg8?si=2tpmrPTDO71JOcPV\" title=\"YouTube video player\" frameborder=\"0\" allow=\"accelerometer; autoplay; clipboard-write; encrypted-media; gyroscope; picture-in-picture; web-share\" allowfullscreen><\/iframe>\n","protected":false},"excerpt":{"rendered":"<p>Routine 1 Tour \u00e0 droite Pas de change de Droite \u00e0 Gauche Tour \u00e0 Gauche Pas de change de Gauche \u00e0 Droite Routine 2 Pas de change de Gauche \u00e0 Droite Tour \u00e0 Droite Tour \u00e0 Droite pour Changer de diagonale Pas de change de Droite \u00e0 Gauche Tour \u00e0 Gauche<\/p>\n","protected":false},"author":1,"featured_media":0,"parent":0,"menu_order":0,"comment_status":"closed","ping_status":"closed","template":"","meta":{"_kadence_starter_templates_imported_post":false,"_kad_post_transparent":"","_kad_post_title":"","_kad_post_layout":"","_kad_post_sidebar_id":"","_kad_post_content_style":"","_kad_post_vertical_padding":"","_kad_post_feature":"","_kad_post_feature_position":"","_kad_post_header":false,"_kad_post_footer":false,"_kad_post_classname":"","footnotes":""},"class_list":["post-179","page","type-page","status-publish","hentry"],"yoast_head":"<!-- This site is optimized with the Yoast SEO plugin v27.4 - https:\/\/yoast.com\/product\/yoast-seo-wordpress\/ -->\n<title>Valse Lente -<\/title>\n<meta name=\"robots\" content=\"index, follow, max-snippet:-1, max-image-preview:large, max-video-preview:-1\" \/>\n<link rel=\"canonical\" href=\"https:\/\/dansecouple.fr\/index.php\/valse-lente\/\" \/>\n<meta property=\"og:locale\" content=\"fr_FR\" \/>\n<meta property=\"og:type\" content=\"article\" \/>\n<meta property=\"og:title\" content=\"Valse Lente -\" \/>\n<meta property=\"og:description\" content=\"Routine 1 Tour \u00e0 droite Pas de change de Droite \u00e0 Gauche Tour \u00e0 Gauche Pas de change de Gauche \u00e0 Droite Routine 2 Pas de change de Gauche \u00e0 Droite Tour \u00e0 Droite Tour \u00e0 Droite pour Changer de diagonale Pas de change de Droite \u00e0 Gauche Tour \u00e0 Gauche\" \/>\n<meta property=\"og:url\" content=\"https:\/\/dansecouple.fr\/index.php\/valse-lente\/\" \/>\n<meta property=\"article:modified_time\" content=\"2023-10-21T10:26:02+00:00\" \/>\n<meta name=\"twitter:card\" content=\"summary_large_image\" \/>\n<script type=\"application\/ld+json\" class=\"yoast-schema-graph\">{\"@context\":\"https:\\\/\\\/schema.org\",\"@graph\":[{\"@type\":\"WebPage\",\"@id\":\"https:\\\/\\\/dansecouple.fr\\\/index.php\\\/valse-lente\\\/\",\"url\":\"https:\\\/\\\/dansecouple.fr\\\/index.php\\\/valse-lente\\\/\",\"name\":\"Valse Lente -\",\"isPartOf\":{\"@id\":\"https:\\\/\\\/dansecouple.fr\\\/#website\"},\"datePublished\":\"2023-10-11T23:55:09+00:00\",\"dateModified\":\"2023-10-21T10:26:02+00:00\",\"breadcrumb\":{\"@id\":\"https:\\\/\\\/dansecouple.fr\\\/index.php\\\/valse-lente\\\/#breadcrumb\"},\"inLanguage\":\"fr-FR\",\"potentialAction\":[{\"@type\":\"ReadAction\",\"target\":[\"https:\\\/\\\/dansecouple.fr\\\/index.php\\\/valse-lente\\\/\"]}]},{\"@type\":\"BreadcrumbList\",\"@id\":\"https:\\\/\\\/dansecouple.fr\\\/index.php\\\/valse-lente\\\/#breadcrumb\",\"itemListElement\":[{\"@type\":\"ListItem\",\"position\":1,\"name\":\"Accueil\",\"item\":\"https:\\\/\\\/dansecouple.fr\\\/\"},{\"@type\":\"ListItem\",\"position\":2,\"name\":\"Valse Lente\"}]},{\"@type\":\"WebSite\",\"@id\":\"https:\\\/\\\/dansecouple.fr\\\/#website\",\"url\":\"https:\\\/\\\/dansecouple.fr\\\/\",\"name\":\"\",\"description\":\"\",\"potentialAction\":[{\"@type\":\"SearchAction\",\"target\":{\"@type\":\"EntryPoint\",\"urlTemplate\":\"https:\\\/\\\/dansecouple.fr\\\/?s={search_term_string}\"},\"query-input\":{\"@type\":\"PropertyValueSpecification\",\"valueRequired\":true,\"valueName\":\"search_term_string\"}}],\"inLanguage\":\"fr-FR\"}]}<\/script>\n<!-- \/ Yoast SEO plugin. -->","yoast_head_json":{"title":"Valse Lente -","robots":{"index":"index","follow":"follow","max-snippet":"max-snippet:-1","max-image-preview":"max-image-preview:large","max-video-preview":"max-video-preview:-1"},"canonical":"https:\/\/dansecouple.fr\/index.php\/valse-lente\/","og_locale":"fr_FR","og_type":"article","og_title":"Valse Lente -","og_description":"Routine 1 Tour \u00e0 droite Pas de change de Droite \u00e0 Gauche Tour \u00e0 Gauche Pas de change de Gauche \u00e0 Droite Routine 2 Pas de change de Gauche \u00e0 Droite Tour \u00e0 Droite Tour \u00e0 Droite pour Changer de diagonale Pas de change de Droite \u00e0 Gauche Tour \u00e0 Gauche","og_url":"https:\/\/dansecouple.fr\/index.php\/valse-lente\/","article_modified_time":"2023-10-21T10:26:02+00:00","twitter_card":"summary_large_image","schema":{"@context":"https:\/\/schema.org","@graph":[{"@type":"WebPage","@id":"https:\/\/dansecouple.fr\/index.php\/valse-lente\/","url":"https:\/\/dansecouple.fr\/index.php\/valse-lente\/","name":"Valse Lente -","isPartOf":{"@id":"https:\/\/dansecouple.fr\/#website"},"datePublished":"2023-10-11T23:55:09+00:00","dateModified":"2023-10-21T10:26:02+00:00","breadcrumb":{"@id":"https:\/\/dansecouple.fr\/index.php\/valse-lente\/#breadcrumb"},"inLanguage":"fr-FR","potentialAction":[{"@type":"ReadAction","target":["https:\/\/dansecouple.fr\/index.php\/valse-lente\/"]}]},{"@type":"BreadcrumbList","@id":"https:\/\/dansecouple.fr\/index.php\/valse-lente\/#breadcrumb","itemListElement":[{"@type":"ListItem","position":1,"name":"Accueil","item":"https:\/\/dansecouple.fr\/"},{"@type":"ListItem","position":2,"name":"Valse Lente"}]},{"@type":"WebSite","@id":"https:\/\/dansecouple.fr\/#website","url":"https:\/\/dansecouple.fr\/","name":"","description":"","potentialAction":[{"@type":"SearchAction","target":{"@type":"EntryPoint","urlTemplate":"https:\/\/dansecouple.fr\/?s={search_term_string}"},"query-input":{"@type":"PropertyValueSpecification","valueRequired":true,"valueName":"search_term_string"}}],"inLanguage":"fr-FR"}]}},"_links":{"self":[{"href":"https:\/\/dansecouple.fr\/index.php\/wp-json\/wp\/v2\/pages\/179","targetHints":{"allow":["GET"]}}],"collection":[{"href":"https:\/\/dansecouple.fr\/index.php\/wp-json\/wp\/v2\/pages"}],"about":[{"href":"https:\/\/dansecouple.fr\/index.php\/wp-json\/wp\/v2\/types\/page"}],"author":[{"embeddable":true,"href":"https:\/\/dansecouple.fr\/index.php\/wp-json\/wp\/v2\/users\/1"}],"replies":[{"embeddable":true,"href":"https:\/\/dansecouple.fr\/index.php\/wp-json\/wp\/v2\/comments?post=179"}],"version-history":[{"count":4,"href":"https:\/\/dansecouple.fr\/index.php\/wp-json\/wp\/v2\/pages\/179\/revisions"}],"predecessor-version":[{"id":445,"href":"https:\/\/dansecouple.fr\/index.php\/wp-json\/wp\/v2\/pages\/179\/revisions\/445"}],"wp:attachment":[{"href":"https:\/\/dansecouple.fr\/index.php\/wp-json\/wp\/v2\/media?parent=179"}],"curies":[{"name":"wp","href":"https:\/\/api.w.org\/{rel}","templated":true}]}}