{"id":169,"date":"2023-10-12T01:53:09","date_gmt":"2023-10-11T23:53:09","guid":{"rendered":"https:\/\/dansecouple.fr\/?page_id=169"},"modified":"2025-02-25T17:00:43","modified_gmt":"2025-02-25T16:00:43","slug":"chacha","status":"publish","type":"page","link":"https:\/\/dansecouple.fr\/index.php\/chacha\/","title":{"rendered":"Chacha"},"content":{"rendered":"\n<p><strong>Routine 1<\/strong> (Les vid\u00e9os sont au dessous du texte descriptif<\/p>\n\n\n\n<p>Base ferm\u00e9e \u00a0tourn\u00e9e 1\/4 Tour \u00e0 gauche<\/p>\n\n\n\n<p>2 New Yorks<\/p>\n\n\n\n<p>Spot Turn<\/p>\n\n\n\n<p>3 Hand to Hand<\/p>\n\n\n\n<p>2 Spot Turn \u00e0 Droite et \u00e0 Gauche<\/p>\n\n\n\n<iframe loading=\"lazy\" width=\"560\" height=\"315\" src=\"https:\/\/www.youtube.com\/embed\/v1ooaQib73U?si=Spzo-atDD3sClJ3x\" title=\"YouTube video player\" frameborder=\"0\" allow=\"accelerometer; autoplay; clipboard-write; encrypted-media; gyroscope; picture-in-picture; web-share\" allowfullscreen><\/iframe>\n\n\n\n<p><strong>Routine 2<\/strong><\/p>\n\n\n\n<p><em>2 New Yorks \u00e0 Droite et \u00e0 Gauche<\/em><\/p>\n\n\n\n<p>Spot Turn \u00e0 Droite<\/p>\n\n\n\n<p>2 Hand to Hand<\/p>\n\n\n\n<p>Spot Turn \u00e0 Gauche<\/p>\n\n\n\n<p>Base ouverte \u00e0 Deux mains<\/p>\n\n\n\n<iframe loading=\"lazy\" width=\"560\" height=\"315\" src=\"https:\/\/www.youtube.com\/embed\/0QH6gtxsEeQ?si=fIalkTEgRQohQyHb\" title=\"YouTube video player\" frameborder=\"0\" allow=\"accelerometer; autoplay; clipboard-write; encrypted-media; gyroscope; picture-in-picture; web-share\" allowfullscreen><\/iframe>\n\n\n\n<p>Chacha : Hand to Hand<\/p>\n\n\n\n<iframe loading=\"lazy\" width=\"560\" height=\"315\" src=\"https:\/\/www.youtube.com\/embed\/8qRxU6nYaqY?si=TFysjQqLgl7m73Wu&amp;start=393\" title=\"YouTube video player\" frameborder=\"0\" allow=\"accelerometer; autoplay; clipboard-write; encrypted-media; gyroscope; picture-in-picture; web-share\" allowfullscreen><\/iframe>\n\n\n\n<p>Chacha : Spot Turn<\/p>\n\n\n\n<iframe loading=\"lazy\" width=\"560\" height=\"315\" src=\"https:\/\/www.youtube.com\/embed\/OpHZDhoqh4Y?si=e2oS5WDWlOy4P0Xx&amp;start=393\" title=\"YouTube video player\" frameborder=\"0\" allow=\"accelerometer; autoplay; clipboard-write; encrypted-media; gyroscope; picture-in-picture; web-share\" allowfullscreen><\/iframe>\n\n\n\n<p>Chacha : Pas de Base<\/p>\n\n\n\n<iframe loading=\"lazy\" width=\"560\" height=\"315\" src=\"https:\/\/www.youtube.com\/embed\/wCFc_4VbiD8?si=RCEHqqJuyiIad4WS&amp;start=44\" title=\"YouTube video player\" frameborder=\"0\" allow=\"accelerometer; autoplay; clipboard-write; encrypted-media; gyroscope; picture-in-picture; web-share\" allowfullscreen><\/iframe>\n\n\n\n<p>Chacha : New York<\/p>\n\n\n\n<iframe loading=\"lazy\" width=\"560\" height=\"315\" src=\"https:\/\/www.youtube.com\/embed\/0ry0u4CcnqU?si=Xqojcx_kd7SMqpJK\" title=\"YouTube video player\" frameborder=\"0\" allow=\"accelerometer; autoplay; clipboard-write; encrypted-media; gyroscope; picture-in-picture; web-share\" allowfullscreen><\/iframe>\n","protected":false},"excerpt":{"rendered":"<p>Routine 1 (Les vid\u00e9os sont au dessous du texte descriptif Base ferm\u00e9e \u00a0tourn\u00e9e 1\/4 Tour \u00e0 gauche 2 New Yorks Spot Turn 3 Hand to Hand 2 Spot Turn \u00e0 Droite et \u00e0 Gauche Routine 2 2 New Yorks \u00e0 Droite et \u00e0 Gauche Spot Turn \u00e0 Droite 2 Hand to Hand Spot Turn \u00e0&#8230;<\/p>\n","protected":false},"author":1,"featured_media":0,"parent":0,"menu_order":0,"comment_status":"closed","ping_status":"closed","template":"","meta":{"_kadence_starter_templates_imported_post":false,"_kad_post_transparent":"","_kad_post_title":"","_kad_post_layout":"","_kad_post_sidebar_id":"","_kad_post_content_style":"","_kad_post_vertical_padding":"","_kad_post_feature":"","_kad_post_feature_position":"","_kad_post_header":false,"_kad_post_footer":false,"_kad_post_classname":"","footnotes":""},"class_list":["post-169","page","type-page","status-publish","hentry"],"yoast_head":"<!-- This site is optimized with the Yoast SEO plugin v27.4 - https:\/\/yoast.com\/product\/yoast-seo-wordpress\/ -->\n<title>Chacha -<\/title>\n<meta name=\"robots\" content=\"index, follow, max-snippet:-1, max-image-preview:large, max-video-preview:-1\" \/>\n<link rel=\"canonical\" href=\"https:\/\/dansecouple.fr\/index.php\/chacha\/\" \/>\n<meta property=\"og:locale\" content=\"fr_FR\" \/>\n<meta property=\"og:type\" content=\"article\" \/>\n<meta property=\"og:title\" content=\"Chacha -\" \/>\n<meta property=\"og:description\" content=\"Routine 1 (Les vid\u00e9os sont au dessous du texte descriptif Base ferm\u00e9e \u00a0tourn\u00e9e 1\/4 Tour \u00e0 gauche 2 New Yorks Spot Turn 3 Hand to Hand 2 Spot Turn \u00e0 Droite et \u00e0 Gauche Routine 2 2 New Yorks \u00e0 Droite et \u00e0 Gauche Spot Turn \u00e0 Droite 2 Hand to Hand Spot Turn \u00e0...\" \/>\n<meta property=\"og:url\" content=\"https:\/\/dansecouple.fr\/index.php\/chacha\/\" \/>\n<meta property=\"article:modified_time\" content=\"2025-02-25T16:00:43+00:00\" \/>\n<meta name=\"twitter:card\" content=\"summary_large_image\" \/>\n<script type=\"application\/ld+json\" class=\"yoast-schema-graph\">{\"@context\":\"https:\\\/\\\/schema.org\",\"@graph\":[{\"@type\":\"WebPage\",\"@id\":\"https:\\\/\\\/dansecouple.fr\\\/index.php\\\/chacha\\\/\",\"url\":\"https:\\\/\\\/dansecouple.fr\\\/index.php\\\/chacha\\\/\",\"name\":\"Chacha -\",\"isPartOf\":{\"@id\":\"https:\\\/\\\/dansecouple.fr\\\/#website\"},\"datePublished\":\"2023-10-11T23:53:09+00:00\",\"dateModified\":\"2025-02-25T16:00:43+00:00\",\"breadcrumb\":{\"@id\":\"https:\\\/\\\/dansecouple.fr\\\/index.php\\\/chacha\\\/#breadcrumb\"},\"inLanguage\":\"fr-FR\",\"potentialAction\":[{\"@type\":\"ReadAction\",\"target\":[\"https:\\\/\\\/dansecouple.fr\\\/index.php\\\/chacha\\\/\"]}]},{\"@type\":\"BreadcrumbList\",\"@id\":\"https:\\\/\\\/dansecouple.fr\\\/index.php\\\/chacha\\\/#breadcrumb\",\"itemListElement\":[{\"@type\":\"ListItem\",\"position\":1,\"name\":\"Accueil\",\"item\":\"https:\\\/\\\/dansecouple.fr\\\/\"},{\"@type\":\"ListItem\",\"position\":2,\"name\":\"Chacha\"}]},{\"@type\":\"WebSite\",\"@id\":\"https:\\\/\\\/dansecouple.fr\\\/#website\",\"url\":\"https:\\\/\\\/dansecouple.fr\\\/\",\"name\":\"\",\"description\":\"\",\"potentialAction\":[{\"@type\":\"SearchAction\",\"target\":{\"@type\":\"EntryPoint\",\"urlTemplate\":\"https:\\\/\\\/dansecouple.fr\\\/?s={search_term_string}\"},\"query-input\":{\"@type\":\"PropertyValueSpecification\",\"valueRequired\":true,\"valueName\":\"search_term_string\"}}],\"inLanguage\":\"fr-FR\"}]}<\/script>\n<!-- \/ Yoast SEO plugin. -->","yoast_head_json":{"title":"Chacha -","robots":{"index":"index","follow":"follow","max-snippet":"max-snippet:-1","max-image-preview":"max-image-preview:large","max-video-preview":"max-video-preview:-1"},"canonical":"https:\/\/dansecouple.fr\/index.php\/chacha\/","og_locale":"fr_FR","og_type":"article","og_title":"Chacha -","og_description":"Routine 1 (Les vid\u00e9os sont au dessous du texte descriptif Base ferm\u00e9e \u00a0tourn\u00e9e 1\/4 Tour \u00e0 gauche 2 New Yorks Spot Turn 3 Hand to Hand 2 Spot Turn \u00e0 Droite et \u00e0 Gauche Routine 2 2 New Yorks \u00e0 Droite et \u00e0 Gauche Spot Turn \u00e0 Droite 2 Hand to Hand Spot Turn \u00e0...","og_url":"https:\/\/dansecouple.fr\/index.php\/chacha\/","article_modified_time":"2025-02-25T16:00:43+00:00","twitter_card":"summary_large_image","schema":{"@context":"https:\/\/schema.org","@graph":[{"@type":"WebPage","@id":"https:\/\/dansecouple.fr\/index.php\/chacha\/","url":"https:\/\/dansecouple.fr\/index.php\/chacha\/","name":"Chacha -","isPartOf":{"@id":"https:\/\/dansecouple.fr\/#website"},"datePublished":"2023-10-11T23:53:09+00:00","dateModified":"2025-02-25T16:00:43+00:00","breadcrumb":{"@id":"https:\/\/dansecouple.fr\/index.php\/chacha\/#breadcrumb"},"inLanguage":"fr-FR","potentialAction":[{"@type":"ReadAction","target":["https:\/\/dansecouple.fr\/index.php\/chacha\/"]}]},{"@type":"BreadcrumbList","@id":"https:\/\/dansecouple.fr\/index.php\/chacha\/#breadcrumb","itemListElement":[{"@type":"ListItem","position":1,"name":"Accueil","item":"https:\/\/dansecouple.fr\/"},{"@type":"ListItem","position":2,"name":"Chacha"}]},{"@type":"WebSite","@id":"https:\/\/dansecouple.fr\/#website","url":"https:\/\/dansecouple.fr\/","name":"","description":"","potentialAction":[{"@type":"SearchAction","target":{"@type":"EntryPoint","urlTemplate":"https:\/\/dansecouple.fr\/?s={search_term_string}"},"query-input":{"@type":"PropertyValueSpecification","valueRequired":true,"valueName":"search_term_string"}}],"inLanguage":"fr-FR"}]}},"_links":{"self":[{"href":"https:\/\/dansecouple.fr\/index.php\/wp-json\/wp\/v2\/pages\/169","targetHints":{"allow":["GET"]}}],"collection":[{"href":"https:\/\/dansecouple.fr\/index.php\/wp-json\/wp\/v2\/pages"}],"about":[{"href":"https:\/\/dansecouple.fr\/index.php\/wp-json\/wp\/v2\/types\/page"}],"author":[{"embeddable":true,"href":"https:\/\/dansecouple.fr\/index.php\/wp-json\/wp\/v2\/users\/1"}],"replies":[{"embeddable":true,"href":"https:\/\/dansecouple.fr\/index.php\/wp-json\/wp\/v2\/comments?post=169"}],"version-history":[{"count":16,"href":"https:\/\/dansecouple.fr\/index.php\/wp-json\/wp\/v2\/pages\/169\/revisions"}],"predecessor-version":[{"id":806,"href":"https:\/\/dansecouple.fr\/index.php\/wp-json\/wp\/v2\/pages\/169\/revisions\/806"}],"wp:attachment":[{"href":"https:\/\/dansecouple.fr\/index.php\/wp-json\/wp\/v2\/media?parent=169"}],"curies":[{"name":"wp","href":"https:\/\/api.w.org\/{rel}","templated":true}]}}