{"id":156,"date":"2023-10-11T11:26:12","date_gmt":"2023-10-11T09:26:12","guid":{"rendered":"https:\/\/dansecouple.fr\/?page_id=156"},"modified":"2025-09-01T11:33:26","modified_gmt":"2025-09-01T09:33:26","slug":"venir","status":"publish","type":"page","link":"https:\/\/dansecouple.fr\/index.php\/venir\/","title":{"rendered":"Venir"},"content":{"rendered":"\n<h4 class=\"wp-block-heading\">La meilleure fa\u00e7on de se rendre compte de l&rsquo;activit\u00e9, c&rsquo;est de venir nous rencontrer; le meilleur accueil vous sera r\u00e9serv\u00e9 et vous pourrez participer gratuitement \u00e0 un cours ou regarder si le coeur vous en dit :&nbsp;<\/h4>\n\n\n\n<p>Tous les&nbsp;mardis soirs \u00e0 partir de 18 h 30 en p\u00e9riodes scolaires :<\/p>\n\n\n\n<p class=\"has-text-align-center\">Centre de loisirs (Salle au 1\u00b0 \u00e9tage)<\/p>\n\n\n\n<p class=\"has-text-align-center\">Rue de la Halle<\/p>\n\n\n\n<p class=\"has-text-align-center\">65420 Ibos<\/p>\n\n\n\n<p>Niveau 4 de 18 h 30 \u00e0 19 h 30<\/p>\n\n\n\n<p>Niveau 3 de 19 h 30 \u00e0 20 h 30<\/p>\n\n\n\n<p>Niveau 1 &amp; 2 de 20 h 30 \u00e0 21 h 30<\/p>\n\n\n\n<p><\/p>\n","protected":false},"excerpt":{"rendered":"<p>La meilleure fa\u00e7on de se rendre compte de l&rsquo;activit\u00e9, c&rsquo;est de venir nous rencontrer; le meilleur accueil vous sera r\u00e9serv\u00e9 et vous pourrez participer gratuitement \u00e0 un cours ou regarder si le coeur vous en dit :&nbsp; Tous les&nbsp;mardis soirs \u00e0 partir de 18 h 30 en p\u00e9riodes scolaires : Centre de loisirs (Salle au&#8230;<\/p>\n","protected":false},"author":1,"featured_media":0,"parent":0,"menu_order":0,"comment_status":"closed","ping_status":"closed","template":"","meta":{"_kadence_starter_templates_imported_post":false,"_kad_post_transparent":"","_kad_post_title":"","_kad_post_layout":"","_kad_post_sidebar_id":"","_kad_post_content_style":"","_kad_post_vertical_padding":"","_kad_post_feature":"","_kad_post_feature_position":"","_kad_post_header":false,"_kad_post_footer":false,"_kad_post_classname":"","footnotes":""},"class_list":["post-156","page","type-page","status-publish","hentry"],"yoast_head":"<!-- This site is optimized with the Yoast SEO plugin v27.4 - https:\/\/yoast.com\/product\/yoast-seo-wordpress\/ -->\n<title>Venir -<\/title>\n<meta name=\"robots\" content=\"index, follow, max-snippet:-1, max-image-preview:large, max-video-preview:-1\" \/>\n<link rel=\"canonical\" href=\"https:\/\/dansecouple.fr\/index.php\/venir\/\" \/>\n<meta property=\"og:locale\" content=\"fr_FR\" \/>\n<meta property=\"og:type\" content=\"article\" \/>\n<meta property=\"og:title\" content=\"Venir -\" \/>\n<meta property=\"og:description\" content=\"La meilleure fa\u00e7on de se rendre compte de l&rsquo;activit\u00e9, c&rsquo;est de venir nous rencontrer; le meilleur accueil vous sera r\u00e9serv\u00e9 et vous pourrez participer gratuitement \u00e0 un cours ou regarder si le coeur vous en dit :&nbsp; Tous les&nbsp;mardis soirs \u00e0 partir de 18 h 30 en p\u00e9riodes scolaires : Centre de loisirs (Salle au...\" \/>\n<meta property=\"og:url\" content=\"https:\/\/dansecouple.fr\/index.php\/venir\/\" \/>\n<meta property=\"article:modified_time\" content=\"2025-09-01T09:33:26+00:00\" \/>\n<meta name=\"twitter:card\" content=\"summary_large_image\" \/>\n<script type=\"application\/ld+json\" class=\"yoast-schema-graph\">{\"@context\":\"https:\\\/\\\/schema.org\",\"@graph\":[{\"@type\":\"WebPage\",\"@id\":\"https:\\\/\\\/dansecouple.fr\\\/index.php\\\/venir\\\/\",\"url\":\"https:\\\/\\\/dansecouple.fr\\\/index.php\\\/venir\\\/\",\"name\":\"Venir -\",\"isPartOf\":{\"@id\":\"https:\\\/\\\/dansecouple.fr\\\/#website\"},\"datePublished\":\"2023-10-11T09:26:12+00:00\",\"dateModified\":\"2025-09-01T09:33:26+00:00\",\"breadcrumb\":{\"@id\":\"https:\\\/\\\/dansecouple.fr\\\/index.php\\\/venir\\\/#breadcrumb\"},\"inLanguage\":\"fr-FR\",\"potentialAction\":[{\"@type\":\"ReadAction\",\"target\":[\"https:\\\/\\\/dansecouple.fr\\\/index.php\\\/venir\\\/\"]}]},{\"@type\":\"BreadcrumbList\",\"@id\":\"https:\\\/\\\/dansecouple.fr\\\/index.php\\\/venir\\\/#breadcrumb\",\"itemListElement\":[{\"@type\":\"ListItem\",\"position\":1,\"name\":\"Accueil\",\"item\":\"https:\\\/\\\/dansecouple.fr\\\/\"},{\"@type\":\"ListItem\",\"position\":2,\"name\":\"Venir\"}]},{\"@type\":\"WebSite\",\"@id\":\"https:\\\/\\\/dansecouple.fr\\\/#website\",\"url\":\"https:\\\/\\\/dansecouple.fr\\\/\",\"name\":\"\",\"description\":\"\",\"potentialAction\":[{\"@type\":\"SearchAction\",\"target\":{\"@type\":\"EntryPoint\",\"urlTemplate\":\"https:\\\/\\\/dansecouple.fr\\\/?s={search_term_string}\"},\"query-input\":{\"@type\":\"PropertyValueSpecification\",\"valueRequired\":true,\"valueName\":\"search_term_string\"}}],\"inLanguage\":\"fr-FR\"}]}<\/script>\n<!-- \/ Yoast SEO plugin. -->","yoast_head_json":{"title":"Venir -","robots":{"index":"index","follow":"follow","max-snippet":"max-snippet:-1","max-image-preview":"max-image-preview:large","max-video-preview":"max-video-preview:-1"},"canonical":"https:\/\/dansecouple.fr\/index.php\/venir\/","og_locale":"fr_FR","og_type":"article","og_title":"Venir -","og_description":"La meilleure fa\u00e7on de se rendre compte de l&rsquo;activit\u00e9, c&rsquo;est de venir nous rencontrer; le meilleur accueil vous sera r\u00e9serv\u00e9 et vous pourrez participer gratuitement \u00e0 un cours ou regarder si le coeur vous en dit :&nbsp; Tous les&nbsp;mardis soirs \u00e0 partir de 18 h 30 en p\u00e9riodes scolaires : Centre de loisirs (Salle au...","og_url":"https:\/\/dansecouple.fr\/index.php\/venir\/","article_modified_time":"2025-09-01T09:33:26+00:00","twitter_card":"summary_large_image","schema":{"@context":"https:\/\/schema.org","@graph":[{"@type":"WebPage","@id":"https:\/\/dansecouple.fr\/index.php\/venir\/","url":"https:\/\/dansecouple.fr\/index.php\/venir\/","name":"Venir -","isPartOf":{"@id":"https:\/\/dansecouple.fr\/#website"},"datePublished":"2023-10-11T09:26:12+00:00","dateModified":"2025-09-01T09:33:26+00:00","breadcrumb":{"@id":"https:\/\/dansecouple.fr\/index.php\/venir\/#breadcrumb"},"inLanguage":"fr-FR","potentialAction":[{"@type":"ReadAction","target":["https:\/\/dansecouple.fr\/index.php\/venir\/"]}]},{"@type":"BreadcrumbList","@id":"https:\/\/dansecouple.fr\/index.php\/venir\/#breadcrumb","itemListElement":[{"@type":"ListItem","position":1,"name":"Accueil","item":"https:\/\/dansecouple.fr\/"},{"@type":"ListItem","position":2,"name":"Venir"}]},{"@type":"WebSite","@id":"https:\/\/dansecouple.fr\/#website","url":"https:\/\/dansecouple.fr\/","name":"","description":"","potentialAction":[{"@type":"SearchAction","target":{"@type":"EntryPoint","urlTemplate":"https:\/\/dansecouple.fr\/?s={search_term_string}"},"query-input":{"@type":"PropertyValueSpecification","valueRequired":true,"valueName":"search_term_string"}}],"inLanguage":"fr-FR"}]}},"_links":{"self":[{"href":"https:\/\/dansecouple.fr\/index.php\/wp-json\/wp\/v2\/pages\/156","targetHints":{"allow":["GET"]}}],"collection":[{"href":"https:\/\/dansecouple.fr\/index.php\/wp-json\/wp\/v2\/pages"}],"about":[{"href":"https:\/\/dansecouple.fr\/index.php\/wp-json\/wp\/v2\/types\/page"}],"author":[{"embeddable":true,"href":"https:\/\/dansecouple.fr\/index.php\/wp-json\/wp\/v2\/users\/1"}],"replies":[{"embeddable":true,"href":"https:\/\/dansecouple.fr\/index.php\/wp-json\/wp\/v2\/comments?post=156"}],"version-history":[{"count":5,"href":"https:\/\/dansecouple.fr\/index.php\/wp-json\/wp\/v2\/pages\/156\/revisions"}],"predecessor-version":[{"id":912,"href":"https:\/\/dansecouple.fr\/index.php\/wp-json\/wp\/v2\/pages\/156\/revisions\/912"}],"wp:attachment":[{"href":"https:\/\/dansecouple.fr\/index.php\/wp-json\/wp\/v2\/media?parent=156"}],"curies":[{"name":"wp","href":"https:\/\/api.w.org\/{rel}","templated":true}]}}