{"id":144,"date":"2023-10-11T11:21:44","date_gmt":"2023-10-11T09:21:44","guid":{"rendered":"https:\/\/dansecouple.fr\/?page_id=144"},"modified":"2023-10-20T09:31:57","modified_gmt":"2023-10-20T07:31:57","slug":"apprentissage","status":"publish","type":"page","link":"https:\/\/dansecouple.fr\/index.php\/apprentissage\/","title":{"rendered":"Apprentissage"},"content":{"rendered":"\n<p>Vous trouverez dans les rubriques des informations g\u00e9n\u00e9rales sur les cours.<\/p>\n\n\n\n<p>Pour les documents plus pr\u00e9cis en relation avec les cours du moment, rejoignez la partie MEMBRES qui est \u00e0 acc\u00e8s r\u00e9serv\u00e9.<\/p>\n","protected":false},"excerpt":{"rendered":"<p>Vous trouverez dans les rubriques des informations g\u00e9n\u00e9rales sur les cours. Pour les documents plus pr\u00e9cis en relation avec les cours du moment, rejoignez la partie MEMBRES qui est \u00e0 acc\u00e8s r\u00e9serv\u00e9.<\/p>\n","protected":false},"author":1,"featured_media":0,"parent":0,"menu_order":0,"comment_status":"closed","ping_status":"closed","template":"","meta":{"_kadence_starter_templates_imported_post":false,"_kad_post_transparent":"","_kad_post_title":"","_kad_post_layout":"","_kad_post_sidebar_id":"","_kad_post_content_style":"","_kad_post_vertical_padding":"","_kad_post_feature":"","_kad_post_feature_position":"","_kad_post_header":false,"_kad_post_footer":false,"_kad_post_classname":"","footnotes":""},"class_list":["post-144","page","type-page","status-publish","hentry"],"yoast_head":"<!-- This site is optimized with the Yoast SEO plugin v27.4 - https:\/\/yoast.com\/product\/yoast-seo-wordpress\/ -->\n<title>Apprentissage -<\/title>\n<meta name=\"robots\" content=\"index, follow, max-snippet:-1, max-image-preview:large, max-video-preview:-1\" \/>\n<link rel=\"canonical\" href=\"https:\/\/dansecouple.fr\/index.php\/apprentissage\/\" \/>\n<meta property=\"og:locale\" content=\"fr_FR\" \/>\n<meta property=\"og:type\" content=\"article\" \/>\n<meta property=\"og:title\" content=\"Apprentissage -\" \/>\n<meta property=\"og:description\" content=\"Vous trouverez dans les rubriques des informations g\u00e9n\u00e9rales sur les cours. Pour les documents plus pr\u00e9cis en relation avec les cours du moment, rejoignez la partie MEMBRES qui est \u00e0 acc\u00e8s r\u00e9serv\u00e9.\" \/>\n<meta property=\"og:url\" content=\"https:\/\/dansecouple.fr\/index.php\/apprentissage\/\" \/>\n<meta property=\"article:modified_time\" content=\"2023-10-20T07:31:57+00:00\" \/>\n<meta name=\"twitter:card\" content=\"summary_large_image\" \/>\n<script type=\"application\/ld+json\" class=\"yoast-schema-graph\">{\"@context\":\"https:\\\/\\\/schema.org\",\"@graph\":[{\"@type\":\"WebPage\",\"@id\":\"https:\\\/\\\/dansecouple.fr\\\/index.php\\\/apprentissage\\\/\",\"url\":\"https:\\\/\\\/dansecouple.fr\\\/index.php\\\/apprentissage\\\/\",\"name\":\"Apprentissage -\",\"isPartOf\":{\"@id\":\"https:\\\/\\\/dansecouple.fr\\\/#website\"},\"datePublished\":\"2023-10-11T09:21:44+00:00\",\"dateModified\":\"2023-10-20T07:31:57+00:00\",\"breadcrumb\":{\"@id\":\"https:\\\/\\\/dansecouple.fr\\\/index.php\\\/apprentissage\\\/#breadcrumb\"},\"inLanguage\":\"fr-FR\",\"potentialAction\":[{\"@type\":\"ReadAction\",\"target\":[\"https:\\\/\\\/dansecouple.fr\\\/index.php\\\/apprentissage\\\/\"]}]},{\"@type\":\"BreadcrumbList\",\"@id\":\"https:\\\/\\\/dansecouple.fr\\\/index.php\\\/apprentissage\\\/#breadcrumb\",\"itemListElement\":[{\"@type\":\"ListItem\",\"position\":1,\"name\":\"Accueil\",\"item\":\"https:\\\/\\\/dansecouple.fr\\\/\"},{\"@type\":\"ListItem\",\"position\":2,\"name\":\"Apprentissage\"}]},{\"@type\":\"WebSite\",\"@id\":\"https:\\\/\\\/dansecouple.fr\\\/#website\",\"url\":\"https:\\\/\\\/dansecouple.fr\\\/\",\"name\":\"\",\"description\":\"\",\"potentialAction\":[{\"@type\":\"SearchAction\",\"target\":{\"@type\":\"EntryPoint\",\"urlTemplate\":\"https:\\\/\\\/dansecouple.fr\\\/?s={search_term_string}\"},\"query-input\":{\"@type\":\"PropertyValueSpecification\",\"valueRequired\":true,\"valueName\":\"search_term_string\"}}],\"inLanguage\":\"fr-FR\"}]}<\/script>\n<!-- \/ Yoast SEO plugin. -->","yoast_head_json":{"title":"Apprentissage -","robots":{"index":"index","follow":"follow","max-snippet":"max-snippet:-1","max-image-preview":"max-image-preview:large","max-video-preview":"max-video-preview:-1"},"canonical":"https:\/\/dansecouple.fr\/index.php\/apprentissage\/","og_locale":"fr_FR","og_type":"article","og_title":"Apprentissage -","og_description":"Vous trouverez dans les rubriques des informations g\u00e9n\u00e9rales sur les cours. Pour les documents plus pr\u00e9cis en relation avec les cours du moment, rejoignez la partie MEMBRES qui est \u00e0 acc\u00e8s r\u00e9serv\u00e9.","og_url":"https:\/\/dansecouple.fr\/index.php\/apprentissage\/","article_modified_time":"2023-10-20T07:31:57+00:00","twitter_card":"summary_large_image","schema":{"@context":"https:\/\/schema.org","@graph":[{"@type":"WebPage","@id":"https:\/\/dansecouple.fr\/index.php\/apprentissage\/","url":"https:\/\/dansecouple.fr\/index.php\/apprentissage\/","name":"Apprentissage -","isPartOf":{"@id":"https:\/\/dansecouple.fr\/#website"},"datePublished":"2023-10-11T09:21:44+00:00","dateModified":"2023-10-20T07:31:57+00:00","breadcrumb":{"@id":"https:\/\/dansecouple.fr\/index.php\/apprentissage\/#breadcrumb"},"inLanguage":"fr-FR","potentialAction":[{"@type":"ReadAction","target":["https:\/\/dansecouple.fr\/index.php\/apprentissage\/"]}]},{"@type":"BreadcrumbList","@id":"https:\/\/dansecouple.fr\/index.php\/apprentissage\/#breadcrumb","itemListElement":[{"@type":"ListItem","position":1,"name":"Accueil","item":"https:\/\/dansecouple.fr\/"},{"@type":"ListItem","position":2,"name":"Apprentissage"}]},{"@type":"WebSite","@id":"https:\/\/dansecouple.fr\/#website","url":"https:\/\/dansecouple.fr\/","name":"","description":"","potentialAction":[{"@type":"SearchAction","target":{"@type":"EntryPoint","urlTemplate":"https:\/\/dansecouple.fr\/?s={search_term_string}"},"query-input":{"@type":"PropertyValueSpecification","valueRequired":true,"valueName":"search_term_string"}}],"inLanguage":"fr-FR"}]}},"_links":{"self":[{"href":"https:\/\/dansecouple.fr\/index.php\/wp-json\/wp\/v2\/pages\/144","targetHints":{"allow":["GET"]}}],"collection":[{"href":"https:\/\/dansecouple.fr\/index.php\/wp-json\/wp\/v2\/pages"}],"about":[{"href":"https:\/\/dansecouple.fr\/index.php\/wp-json\/wp\/v2\/types\/page"}],"author":[{"embeddable":true,"href":"https:\/\/dansecouple.fr\/index.php\/wp-json\/wp\/v2\/users\/1"}],"replies":[{"embeddable":true,"href":"https:\/\/dansecouple.fr\/index.php\/wp-json\/wp\/v2\/comments?post=144"}],"version-history":[{"count":2,"href":"https:\/\/dansecouple.fr\/index.php\/wp-json\/wp\/v2\/pages\/144\/revisions"}],"predecessor-version":[{"id":423,"href":"https:\/\/dansecouple.fr\/index.php\/wp-json\/wp\/v2\/pages\/144\/revisions\/423"}],"wp:attachment":[{"href":"https:\/\/dansecouple.fr\/index.php\/wp-json\/wp\/v2\/media?parent=144"}],"curies":[{"name":"wp","href":"https:\/\/api.w.org\/{rel}","templated":true}]}}