{"id":112,"date":"2023-10-11T11:00:00","date_gmt":"2023-10-11T09:00:00","guid":{"rendered":"https:\/\/dansecouple.fr\/?page_id=112"},"modified":"2026-01-07T19:12:20","modified_gmt":"2026-01-07T18:12:20","slug":"espace-membres","status":"publish","type":"page","link":"https:\/\/dansecouple.fr\/index.php\/espace-membres\/","title":{"rendered":"Membres"},"content":{"rendered":"","protected":true},"excerpt":{"rendered":"","protected":true},"author":1,"featured_media":0,"parent":0,"menu_order":0,"comment_status":"closed","ping_status":"closed","template":"","meta":{"_kadence_starter_templates_imported_post":false,"_kad_post_transparent":"","_kad_post_title":"","_kad_post_layout":"","_kad_post_sidebar_id":"","_kad_post_content_style":"","_kad_post_vertical_padding":"","_kad_post_feature":"","_kad_post_feature_position":"","_kad_post_header":false,"_kad_post_footer":false,"_kad_post_classname":"","footnotes":""},"class_list":["post-112","page","type-page","status-publish","post-password-required","hentry"],"yoast_head":"<!-- This site is optimized with the Yoast SEO plugin v27.4 - https:\/\/yoast.com\/product\/yoast-seo-wordpress\/ -->\n<title>Membres -<\/title>\n<meta name=\"description\" content=\"Informations, prolongements, documents relatifs aux cours propos\u00e9s \u00e0 Danse \u00e0 Deux. Partie r\u00e9serv\u00e9e aux membres de l&#039;Association Danse \u00e0 Deux \u00e0 Ibos (65420).\" \/>\n<meta name=\"robots\" content=\"index, follow, max-snippet:-1, max-image-preview:large, max-video-preview:-1\" \/>\n<link rel=\"canonical\" href=\"https:\/\/dansecouple.fr\/index.php\/espace-membres\/\" \/>\n<meta property=\"og:locale\" content=\"fr_FR\" \/>\n<meta property=\"og:type\" content=\"article\" \/>\n<meta property=\"og:title\" content=\"Membres -\" \/>\n<meta property=\"og:description\" content=\"Informations, prolongements, documents relatifs aux cours propos\u00e9s \u00e0 Danse \u00e0 Deux. Partie r\u00e9serv\u00e9e aux membres de l&#039;Association Danse \u00e0 Deux \u00e0 Ibos (65420).\" \/>\n<meta property=\"og:url\" content=\"https:\/\/dansecouple.fr\/index.php\/espace-membres\/\" \/>\n<meta property=\"article:modified_time\" content=\"2026-01-07T18:12:20+00:00\" \/>\n<meta name=\"twitter:card\" content=\"summary_large_image\" \/>\n<meta name=\"twitter:label1\" content=\"Dur\u00e9e de lecture estim\u00e9e\" \/>\n\t<meta name=\"twitter:data1\" content=\"1 minute\" \/>\n<script type=\"application\/ld+json\" class=\"yoast-schema-graph\">{\"@context\":\"https:\\\/\\\/schema.org\",\"@graph\":[{\"@type\":\"WebPage\",\"@id\":\"https:\\\/\\\/dansecouple.fr\\\/index.php\\\/espace-membres\\\/\",\"url\":\"https:\\\/\\\/dansecouple.fr\\\/index.php\\\/espace-membres\\\/\",\"name\":\"Membres -\",\"isPartOf\":{\"@id\":\"https:\\\/\\\/dansecouple.fr\\\/#website\"},\"datePublished\":\"2023-10-11T09:00:00+00:00\",\"dateModified\":\"2026-01-07T18:12:20+00:00\",\"breadcrumb\":{\"@id\":\"https:\\\/\\\/dansecouple.fr\\\/index.php\\\/espace-membres\\\/#breadcrumb\"},\"inLanguage\":\"fr-FR\"},{\"@type\":\"WebSite\",\"@id\":\"https:\\\/\\\/dansecouple.fr\\\/#website\",\"url\":\"https:\\\/\\\/dansecouple.fr\\\/\",\"name\":\"\",\"description\":\"\",\"potentialAction\":[{\"@type\":\"SearchAction\",\"target\":{\"@type\":\"EntryPoint\",\"urlTemplate\":\"https:\\\/\\\/dansecouple.fr\\\/?s={search_term_string}\"},\"query-input\":{\"@type\":\"PropertyValueSpecification\",\"valueRequired\":true,\"valueName\":\"search_term_string\"}}],\"inLanguage\":\"fr-FR\"}]}<\/script>\n<!-- \/ Yoast SEO plugin. -->","yoast_head_json":{"title":"Membres -","description":"Informations, prolongements, documents relatifs aux cours propos\u00e9s \u00e0 Danse \u00e0 Deux. Partie r\u00e9serv\u00e9e aux membres de l'Association Danse \u00e0 Deux \u00e0 Ibos (65420).","robots":{"index":"index","follow":"follow","max-snippet":"max-snippet:-1","max-image-preview":"max-image-preview:large","max-video-preview":"max-video-preview:-1"},"canonical":"https:\/\/dansecouple.fr\/index.php\/espace-membres\/","og_locale":"fr_FR","og_type":"article","og_title":"Membres -","og_description":"Informations, prolongements, documents relatifs aux cours propos\u00e9s \u00e0 Danse \u00e0 Deux. Partie r\u00e9serv\u00e9e aux membres de l'Association Danse \u00e0 Deux \u00e0 Ibos (65420).","og_url":"https:\/\/dansecouple.fr\/index.php\/espace-membres\/","article_modified_time":"2026-01-07T18:12:20+00:00","twitter_card":"summary_large_image","twitter_misc":{"Dur\u00e9e de lecture estim\u00e9e":"1 minute"},"schema":{"@context":"https:\/\/schema.org","@graph":[{"@type":"WebPage","@id":"https:\/\/dansecouple.fr\/index.php\/espace-membres\/","url":"https:\/\/dansecouple.fr\/index.php\/espace-membres\/","name":"Membres -","isPartOf":{"@id":"https:\/\/dansecouple.fr\/#website"},"datePublished":"2023-10-11T09:00:00+00:00","dateModified":"2026-01-07T18:12:20+00:00","breadcrumb":{"@id":"https:\/\/dansecouple.fr\/index.php\/espace-membres\/#breadcrumb"},"inLanguage":"fr-FR"},{"@type":"WebSite","@id":"https:\/\/dansecouple.fr\/#website","url":"https:\/\/dansecouple.fr\/","name":"","description":"","potentialAction":[{"@type":"SearchAction","target":{"@type":"EntryPoint","urlTemplate":"https:\/\/dansecouple.fr\/?s={search_term_string}"},"query-input":{"@type":"PropertyValueSpecification","valueRequired":true,"valueName":"search_term_string"}}],"inLanguage":"fr-FR"}]}},"_links":{"self":[{"href":"https:\/\/dansecouple.fr\/index.php\/wp-json\/wp\/v2\/pages\/112","targetHints":{"allow":["GET"]}}],"collection":[{"href":"https:\/\/dansecouple.fr\/index.php\/wp-json\/wp\/v2\/pages"}],"about":[{"href":"https:\/\/dansecouple.fr\/index.php\/wp-json\/wp\/v2\/types\/page"}],"author":[{"embeddable":true,"href":"https:\/\/dansecouple.fr\/index.php\/wp-json\/wp\/v2\/users\/1"}],"replies":[{"embeddable":true,"href":"https:\/\/dansecouple.fr\/index.php\/wp-json\/wp\/v2\/comments?post=112"}],"version-history":[{"count":4,"href":"https:\/\/dansecouple.fr\/index.php\/wp-json\/wp\/v2\/pages\/112\/revisions"}],"predecessor-version":[{"id":763,"href":"https:\/\/dansecouple.fr\/index.php\/wp-json\/wp\/v2\/pages\/112\/revisions\/763"}],"wp:attachment":[{"href":"https:\/\/dansecouple.fr\/index.php\/wp-json\/wp\/v2\/media?parent=112"}],"curies":[{"name":"wp","href":"https:\/\/api.w.org\/{rel}","templated":true}]}}