{"id":110,"date":"2023-10-11T10:52:37","date_gmt":"2023-10-11T08:52:37","guid":{"rendered":"https:\/\/dansecouple.fr\/?page_id=110"},"modified":"2023-10-17T13:36:53","modified_gmt":"2023-10-17T11:36:53","slug":"sorties","status":"publish","type":"page","link":"https:\/\/dansecouple.fr\/index.php\/sorties\/","title":{"rendered":"Sorties"},"content":{"rendered":"\n<p><strong><a href=\"http:\/\/www.tempo-latino.com\/index.php\" target=\"_blank\" rel=\"noreferrer noopener\">FESTIVAL Tempo Latino (Salsa)<\/a><\/strong><\/p>\n\n\n\n<p>Vic-Feznzsac &#8211; Gers<\/p>\n\n\n\n<p><strong><a href=\"http:\/\/www.tarbesentango.fr\/\" target=\"_blank\" rel=\"noreferrer noopener\">FESTIVAL Tango Argentin<\/a><\/strong><\/p>\n\n\n\n<p>Tarbes &#8211; Hautes Pyr\u00e9n\u00e9es<\/p>\n\n\n\n<p><strong><a href=\"http:\/\/balsmusetteducoin.e-monsite.com\/\" target=\"_blank\" rel=\"noreferrer noopener\">BALS Musette<\/a><\/strong><\/p>\n\n\n\n<p>Midi-Pyr\u00e9n\u00e9es<\/p>\n","protected":false},"excerpt":{"rendered":"<p>FESTIVAL Tempo Latino (Salsa) Vic-Feznzsac &#8211; Gers FESTIVAL Tango Argentin Tarbes &#8211; Hautes Pyr\u00e9n\u00e9es BALS Musette Midi-Pyr\u00e9n\u00e9es<\/p>\n","protected":false},"author":1,"featured_media":0,"parent":0,"menu_order":0,"comment_status":"closed","ping_status":"closed","template":"","meta":{"_kadence_starter_templates_imported_post":false,"_kad_post_transparent":"","_kad_post_title":"","_kad_post_layout":"","_kad_post_sidebar_id":"","_kad_post_content_style":"","_kad_post_vertical_padding":"","_kad_post_feature":"","_kad_post_feature_position":"","_kad_post_header":false,"_kad_post_footer":false,"_kad_post_classname":"","footnotes":""},"class_list":["post-110","page","type-page","status-publish","hentry"],"yoast_head":"<!-- This site is optimized with the Yoast SEO plugin v27.4 - https:\/\/yoast.com\/product\/yoast-seo-wordpress\/ -->\n<title>Sorties -<\/title>\n<meta name=\"robots\" content=\"index, follow, max-snippet:-1, max-image-preview:large, max-video-preview:-1\" \/>\n<link rel=\"canonical\" href=\"https:\/\/dansecouple.fr\/index.php\/sorties\/\" \/>\n<meta property=\"og:locale\" content=\"fr_FR\" \/>\n<meta property=\"og:type\" content=\"article\" \/>\n<meta property=\"og:title\" content=\"Sorties -\" \/>\n<meta property=\"og:description\" content=\"FESTIVAL Tempo Latino (Salsa) Vic-Feznzsac &#8211; Gers FESTIVAL Tango Argentin Tarbes &#8211; Hautes Pyr\u00e9n\u00e9es BALS Musette Midi-Pyr\u00e9n\u00e9es\" \/>\n<meta property=\"og:url\" content=\"https:\/\/dansecouple.fr\/index.php\/sorties\/\" \/>\n<meta property=\"article:modified_time\" content=\"2023-10-17T11:36:53+00:00\" \/>\n<meta name=\"twitter:card\" content=\"summary_large_image\" \/>\n<script type=\"application\/ld+json\" class=\"yoast-schema-graph\">{\"@context\":\"https:\\\/\\\/schema.org\",\"@graph\":[{\"@type\":\"WebPage\",\"@id\":\"https:\\\/\\\/dansecouple.fr\\\/index.php\\\/sorties\\\/\",\"url\":\"https:\\\/\\\/dansecouple.fr\\\/index.php\\\/sorties\\\/\",\"name\":\"Sorties -\",\"isPartOf\":{\"@id\":\"https:\\\/\\\/dansecouple.fr\\\/#website\"},\"datePublished\":\"2023-10-11T08:52:37+00:00\",\"dateModified\":\"2023-10-17T11:36:53+00:00\",\"breadcrumb\":{\"@id\":\"https:\\\/\\\/dansecouple.fr\\\/index.php\\\/sorties\\\/#breadcrumb\"},\"inLanguage\":\"fr-FR\",\"potentialAction\":[{\"@type\":\"ReadAction\",\"target\":[\"https:\\\/\\\/dansecouple.fr\\\/index.php\\\/sorties\\\/\"]}]},{\"@type\":\"BreadcrumbList\",\"@id\":\"https:\\\/\\\/dansecouple.fr\\\/index.php\\\/sorties\\\/#breadcrumb\",\"itemListElement\":[{\"@type\":\"ListItem\",\"position\":1,\"name\":\"Accueil\",\"item\":\"https:\\\/\\\/dansecouple.fr\\\/\"},{\"@type\":\"ListItem\",\"position\":2,\"name\":\"Sorties\"}]},{\"@type\":\"WebSite\",\"@id\":\"https:\\\/\\\/dansecouple.fr\\\/#website\",\"url\":\"https:\\\/\\\/dansecouple.fr\\\/\",\"name\":\"\",\"description\":\"\",\"potentialAction\":[{\"@type\":\"SearchAction\",\"target\":{\"@type\":\"EntryPoint\",\"urlTemplate\":\"https:\\\/\\\/dansecouple.fr\\\/?s={search_term_string}\"},\"query-input\":{\"@type\":\"PropertyValueSpecification\",\"valueRequired\":true,\"valueName\":\"search_term_string\"}}],\"inLanguage\":\"fr-FR\"}]}<\/script>\n<!-- \/ Yoast SEO plugin. -->","yoast_head_json":{"title":"Sorties -","robots":{"index":"index","follow":"follow","max-snippet":"max-snippet:-1","max-image-preview":"max-image-preview:large","max-video-preview":"max-video-preview:-1"},"canonical":"https:\/\/dansecouple.fr\/index.php\/sorties\/","og_locale":"fr_FR","og_type":"article","og_title":"Sorties -","og_description":"FESTIVAL Tempo Latino (Salsa) Vic-Feznzsac &#8211; Gers FESTIVAL Tango Argentin Tarbes &#8211; Hautes Pyr\u00e9n\u00e9es BALS Musette Midi-Pyr\u00e9n\u00e9es","og_url":"https:\/\/dansecouple.fr\/index.php\/sorties\/","article_modified_time":"2023-10-17T11:36:53+00:00","twitter_card":"summary_large_image","schema":{"@context":"https:\/\/schema.org","@graph":[{"@type":"WebPage","@id":"https:\/\/dansecouple.fr\/index.php\/sorties\/","url":"https:\/\/dansecouple.fr\/index.php\/sorties\/","name":"Sorties -","isPartOf":{"@id":"https:\/\/dansecouple.fr\/#website"},"datePublished":"2023-10-11T08:52:37+00:00","dateModified":"2023-10-17T11:36:53+00:00","breadcrumb":{"@id":"https:\/\/dansecouple.fr\/index.php\/sorties\/#breadcrumb"},"inLanguage":"fr-FR","potentialAction":[{"@type":"ReadAction","target":["https:\/\/dansecouple.fr\/index.php\/sorties\/"]}]},{"@type":"BreadcrumbList","@id":"https:\/\/dansecouple.fr\/index.php\/sorties\/#breadcrumb","itemListElement":[{"@type":"ListItem","position":1,"name":"Accueil","item":"https:\/\/dansecouple.fr\/"},{"@type":"ListItem","position":2,"name":"Sorties"}]},{"@type":"WebSite","@id":"https:\/\/dansecouple.fr\/#website","url":"https:\/\/dansecouple.fr\/","name":"","description":"","potentialAction":[{"@type":"SearchAction","target":{"@type":"EntryPoint","urlTemplate":"https:\/\/dansecouple.fr\/?s={search_term_string}"},"query-input":{"@type":"PropertyValueSpecification","valueRequired":true,"valueName":"search_term_string"}}],"inLanguage":"fr-FR"}]}},"_links":{"self":[{"href":"https:\/\/dansecouple.fr\/index.php\/wp-json\/wp\/v2\/pages\/110","targetHints":{"allow":["GET"]}}],"collection":[{"href":"https:\/\/dansecouple.fr\/index.php\/wp-json\/wp\/v2\/pages"}],"about":[{"href":"https:\/\/dansecouple.fr\/index.php\/wp-json\/wp\/v2\/types\/page"}],"author":[{"embeddable":true,"href":"https:\/\/dansecouple.fr\/index.php\/wp-json\/wp\/v2\/users\/1"}],"replies":[{"embeddable":true,"href":"https:\/\/dansecouple.fr\/index.php\/wp-json\/wp\/v2\/comments?post=110"}],"version-history":[{"count":2,"href":"https:\/\/dansecouple.fr\/index.php\/wp-json\/wp\/v2\/pages\/110\/revisions"}],"predecessor-version":[{"id":329,"href":"https:\/\/dansecouple.fr\/index.php\/wp-json\/wp\/v2\/pages\/110\/revisions\/329"}],"wp:attachment":[{"href":"https:\/\/dansecouple.fr\/index.php\/wp-json\/wp\/v2\/media?parent=110"}],"curies":[{"name":"wp","href":"https:\/\/api.w.org\/{rel}","templated":true}]}}